{"id":27317,"date":"2024-06-04T20:26:43","date_gmt":"2024-06-04T08:26:43","guid":{"rendered":"https:\/\/tautoko.catholic.org.nz\/?page_id=27317"},"modified":"2024-06-07T09:48:10","modified_gmt":"2024-06-06T21:48:10","slug":"statement","status":"publish","type":"page","link":"https:\/\/tautoko.catholic.org.nz\/mi\/statement\/","title":{"rendered":"Statement"},"content":{"rendered":"<p>[et_pb_section fb_built=&#8221;1&#8243; admin_label=&#8221;Report Abuse&#8221; module_id=&#8221;report&#8221; _builder_version=&#8221;4.25.0&#8243; background_color=&#8221;rgba(0,0,0,0)&#8221; custom_padding=&#8221;80px||100px||false|false&#8221; da_disable_devices=&#8221;off|off|off&#8221; global_colors_info=&#8221;{}&#8221; da_is_popup=&#8221;off&#8221; da_exit_intent=&#8221;off&#8221; da_has_close=&#8221;on&#8221; da_alt_close=&#8221;off&#8221; da_dark_close=&#8221;off&#8221; da_not_modal=&#8221;on&#8221; da_is_singular=&#8221;off&#8221; da_with_loader=&#8221;off&#8221; da_has_shadow=&#8221;on&#8221;][et_pb_row _builder_version=&#8221;4.25.0&#8243; _module_preset=&#8221;default&#8221; width=&#8221;90vw&#8221; max_width=&#8221;700px&#8221; global_colors_info=&#8221;{}&#8221;][et_pb_column type=&#8221;4_4&#8243; _builder_version=&#8221;4.25.0&#8243; _module_preset=&#8221;default&#8221; global_colors_info=&#8221;{}&#8221;][et_pb_text quote_border_color=&#8221;gcid-2462ed11-f914-4df9-a92c-6fa3d36367d9&#8243; _builder_version=&#8221;4.25.0&#8243; _module_preset=&#8221;default&#8221; quote_font=&#8221;||||||||&#8221; custom_css_free_form=&#8221;selector h2 {margin-bottom:0.5em}&#8221; global_colors_info=&#8221;{%22gcid-2462ed11-f914-4df9-a92c-6fa3d36367d9%22:%91%22quote_border_color%22%93}&#8221;]<\/p>\n<h2>Statement of Te R\u014dp\u016b Tautoko<\/h2>\n<p>As we conclude our work, Te R\u014dp\u016b Tautoko recognises the long and arduous journey of the inquiry process for everyone involved. First and foremost, we recognise the impact of this process on victims, survivors, their families, and supporters. It also includes the Commissioners and their staff, and core participants and their respective entities and staff.<\/p>\n<p>The aspirations of the Catholic bishops and congregational leaders for the Inquiry were clearly outlined in the Te R\u014dp\u016b Tautoko terms of reference and are worth repeating in this context:<\/p>\n<blockquote>\n<p><em>We, the Bishops and Congregational Leaders of the Catholic Church in Aotearoa New Zealand, participate in the processes of the Inquiry acknowledging those who have been wounded in our care. Because of, not in spite of, our own brokenness in regard to abuse we offer our lessons. They come from a place of deep humility and sorrow. All we have to offer is our own experiences and the call to justice, mercy and forgiveness of Jesus Christ, H\u0113hu Karaiti. <\/em><\/p>\n<p><em>We recognise that the way to learn lessons for today and the future is to examine, understand, acknowledge and address what has occurred. We must, collectively, work towards healing.<\/em><\/p>\n<p><em>\u00a0<\/em><\/p>\n<p><em>The Bishops and Congregational Leaders believe that every person has an innate human dignity (te tapu o te tangata), therefore:<\/em><\/p>\n<ul>\n<li><em>regard all forms of abuse as unacceptable and indefensible<\/em><\/li>\n<li><em>accept the responsibility to continue to act to stop abuse in the Church<\/em><\/li>\n<li><em>listen to, learn from, and support survivors<\/em><\/li>\n<li><em>act swiftly on complaints and follow them through<\/em><\/li>\n<li><em>ensure action on accountability is followed through for those who are proven responsible for abuse<\/em><\/li>\n<li><em>support the need for the Inquiry and actively cooperate with the Commission<\/em><\/li>\n<li><em>commit to ensuring transparency<\/em><\/li>\n<\/ul>\n<\/blockquote>\n<p>Further on the Terms of Reference state:<\/p>\n<blockquote>\n<p><em>In creating Tautoko, the Bishops and Congregational Leaders have recognised that the Catholic Church is a family, a faith community of pilgrims, seeking a collective approach to understanding, reviewing, acknowledging and addressing the learnings of the past. Even where institutions no longer exist or congregations have little presence in New Zealand, there is a collective accountability as Church leaders. The recognition is that the Bishops and Congregational Leaders must speak with one voice and, together, learn and evolve.<\/em><\/p>\n<\/blockquote>\n<p>Members of Te R\u014dp\u016b Tautoko firmly believe that they and those who have assisted them in responding to the Inquiry have upheld their core principles. Whilst our work has been behind the scenes, Te R\u014dp\u016b Tautoko has stood by its\u2019 commitment to provide the Royal Commission with whatever they required together with other documents, information and research that Te R\u014dp\u016b Tautoko felt could be helpful. Reflecting on the past five years, and the massive number of documents and responses provided to the Commission,\u00a0 it\u2019s remarkable how the various entities within the church committed to and sustained support for the efforts of Te R\u014dp\u016b Tautoko. Despite differing comfort levels with the Inquiry\u2019s process and responses, this steadfast commitment is noteworthy.\u00a0 To those within the Church who spent so many hours researching formal archives together with so many other records, documents and other information, we offer our gratitude.\u00a0 Without your efforts we would have been unable to provide the Commission will all that we did.<\/p>\n<p>The work of Te R\u014dp\u016b Tautoko has significantly advanced a collective approach within the Catholic community.\u00a0 At the very beginning the bishops and congregational leaders recognised how difficult it would be for the Commission to deal with so many separate entities, each with their own independent.\u00a0 \u00a0Te R\u014dp\u016b Tautoko was created to enable a collective approach to assist the Commission but also to bring together these separate entities to respond as a Church in Aotearoa New Zealand.\u00a0 Six years later the collective approach remains and this is a core achievement we proudly highlight. Moving forward, it is crucial for the church\u2019s response to the Inquiry\u2019s recommendations to also be a unified effort, involving bishops, congregational leaders, and all responsible leaders within the Catholic entities.<\/p>\n<p>The Inquiry has underscored the systemic nature of abuse. We are all implicated by the culture of abuse that existed. While some may argue that the church&#8217;s culture hasn\u2019t changed sufficiently, significant changes have indeed occurred, though more work remains.\u00a0 Safeguarding will remain at the heart of who we are and what we do for all time.\u00a0 It must.<\/p>\n<p>Supporting and working with abuse victims, improving safeguarding measures, developing effective response protocols, adopting a zero-tolerance policy for verified abuse allegations, and enhancing redress and support for victims are all essential actions. We must acknowledge that even fulfilling these essentials might not be enough.<\/p>\n<p>Pope Francis emphasises three guiding principles: protect, listen, and heal.<\/p>\n<p><strong>Protect<\/strong>: Safeguarding should transcend mere compliance, focusing instead on active protection, particularly for the most vulnerable. It is a collective responsibility to prevent harm.<\/p>\n<p><strong>Listen<\/strong>: Genuine listening requires setting aside self-interest, prioritizing the voices of those who have suffered and the most vulnerable.<\/p>\n<p><strong>Heal<\/strong>: Protection and listening pave the way for healing, a pursuit of justice for individuals and a broader community effort. Healing requires long-term commitment from the Church to address past mistakes and foster new pathways.<\/p>\n<p>As the Inquiry process concludes, Te R\u014dp\u016b Tautoko will present their proposed Roadmap of Action to the bishops and congregational leaders. It is critical that the insights gained over the past six and a half years of the Inquiry process translate into concrete, measurable actions.<\/p>\n<p>The current roadmap (available at <a href=\"http:\/\/www.tautoko.catholic.org.nz\/roadmap\">www.tautoko.catholic.org.nz\/roadmap<\/a>) outlines necessary steps but does not claim to solve every issue. The role of Te R\u014dp\u016b Tautoko may be complete, but the mission to protect, listen, and heal must persist with renewed urgency and deeper commitment.<\/p>\n<p>[\/et_pb_text][\/et_pb_column][\/et_pb_row][\/et_pb_section]<\/p>\n","protected":false},"excerpt":{"rendered":"<p>Statement of Te R\u014dp\u016b Tautoko As we conclude our work, Te R\u014dp\u016b Tautoko recognises the long and arduous journey of the inquiry process for everyone involved. First and foremost, we recognise the impact of this process on victims, survivors, their families, and supporters. It also includes the Commissioners and their staff, and core participants and [&hellip;]<\/p>\n","protected":false},"author":2,"featured_media":0,"parent":0,"menu_order":0,"comment_status":"closed","ping_status":"closed","template":"","meta":{"_acf_changed":false,"_et_pb_use_builder":"on","_et_pb_old_content":"","_et_gb_content_width":"","_monsterinsights_skip_tracking":false,"_monsterinsights_sitenote_active":false,"_monsterinsights_sitenote_note":"","_monsterinsights_sitenote_category":0,"footnotes":""},"class_list":["post-27317","page","type-page","status-publish","hentry"],"acf":[],"yoast_head":"<!-- This site is optimized with the Yoast SEO plugin v27.4 - https:\/\/yoast.com\/product\/yoast-seo-wordpress\/ -->\n<title>Statement - Te R\u014dp\u016b Tautoko<\/title>\n<meta name=\"robots\" content=\"index, follow, max-snippet:-1, max-image-preview:large, max-video-preview:-1\" \/>\n<link rel=\"canonical\" href=\"https:\/\/tautoko.catholic.org.nz\/mi\/statement\/\" \/>\n<meta property=\"og:locale\" content=\"mi_NZ\" \/>\n<meta property=\"og:type\" content=\"article\" \/>\n<meta property=\"og:title\" content=\"Statement - Te R\u014dp\u016b Tautoko\" \/>\n<meta property=\"og:description\" content=\"Statement of Te R\u014dp\u016b Tautoko As we conclude our work, Te R\u014dp\u016b Tautoko recognises the long and arduous journey of the inquiry process for everyone involved. First and foremost, we recognise the impact of this process on victims, survivors, their families, and supporters. It also includes the Commissioners and their staff, and core participants and [&hellip;]\" \/>\n<meta property=\"og:url\" content=\"https:\/\/tautoko.catholic.org.nz\/mi\/statement\/\" \/>\n<meta property=\"og:site_name\" content=\"Te R\u014dp\u016b Tautoko\" \/>\n<meta property=\"article:modified_time\" content=\"2024-06-06T21:48:10+00:00\" \/>\n<meta name=\"twitter:card\" content=\"summary_large_image\" \/>\n<script type=\"application\/ld+json\" class=\"yoast-schema-graph\">{\"@context\":\"https:\\\/\\\/schema.org\",\"@graph\":[{\"@type\":\"WebPage\",\"@id\":\"https:\\\/\\\/tautoko.catholic.org.nz\\\/statement\\\/\",\"url\":\"https:\\\/\\\/tautoko.catholic.org.nz\\\/statement\\\/\",\"name\":\"Statement - Te R\u014dp\u016b Tautoko\",\"isPartOf\":{\"@id\":\"https:\\\/\\\/tautoko.catholic.org.nz\\\/#website\"},\"datePublished\":\"2024-06-04T08:26:43+00:00\",\"dateModified\":\"2024-06-06T21:48:10+00:00\",\"breadcrumb\":{\"@id\":\"https:\\\/\\\/tautoko.catholic.org.nz\\\/statement\\\/#breadcrumb\"},\"inLanguage\":\"mi-NZ\",\"potentialAction\":[{\"@type\":\"ReadAction\",\"target\":[\"https:\\\/\\\/tautoko.catholic.org.nz\\\/statement\\\/\"]}]},{\"@type\":\"BreadcrumbList\",\"@id\":\"https:\\\/\\\/tautoko.catholic.org.nz\\\/statement\\\/#breadcrumb\",\"itemListElement\":[{\"@type\":\"ListItem\",\"position\":1,\"name\":\"Home\",\"item\":\"https:\\\/\\\/tautoko.catholic.org.nz\\\/\"},{\"@type\":\"ListItem\",\"position\":2,\"name\":\"Statement\"}]},{\"@type\":\"WebSite\",\"@id\":\"https:\\\/\\\/tautoko.catholic.org.nz\\\/#website\",\"url\":\"https:\\\/\\\/tautoko.catholic.org.nz\\\/\",\"name\":\"Te R\u014dp\u016b Tautoko\",\"description\":\"The group coordinating Catholic engagement with the Royal Commission\",\"publisher\":{\"@id\":\"https:\\\/\\\/tautoko.catholic.org.nz\\\/#organization\"},\"potentialAction\":[{\"@type\":\"SearchAction\",\"target\":{\"@type\":\"EntryPoint\",\"urlTemplate\":\"https:\\\/\\\/tautoko.catholic.org.nz\\\/?s={search_term_string}\"},\"query-input\":{\"@type\":\"PropertyValueSpecification\",\"valueRequired\":true,\"valueName\":\"search_term_string\"}}],\"inLanguage\":\"mi-NZ\"},{\"@type\":\"Organization\",\"@id\":\"https:\\\/\\\/tautoko.catholic.org.nz\\\/#organization\",\"name\":\"Te R\u014dp\u016b Tautoko\",\"url\":\"https:\\\/\\\/tautoko.catholic.org.nz\\\/\",\"logo\":{\"@type\":\"ImageObject\",\"inLanguage\":\"mi-NZ\",\"@id\":\"https:\\\/\\\/tautoko.catholic.org.nz\\\/#\\\/schema\\\/logo\\\/image\\\/\",\"url\":\"https:\\/\\/tautoko.catholic.org.nz\\/wp-content\\/uploads\\/2019\\/07\\/Tautoko-title-400w.png\",\"contentUrl\":\"https:\\/\\/tautoko.catholic.org.nz\\/wp-content\\/uploads\\/2019\\/07\\/Tautoko-title-400w.png\",\"width\":400,\"height\":93,\"caption\":\"Te R\u014dp\u016b Tautoko\"},\"image\":{\"@id\":\"https:\\\/\\\/tautoko.catholic.org.nz\\\/#\\\/schema\\\/logo\\\/image\\\/\"}}]}<\/script>\n<!-- \/ Yoast SEO plugin. -->","yoast_head_json":{"title":"Statement - Te R\u014dp\u016b Tautoko","robots":{"index":"index","follow":"follow","max-snippet":"max-snippet:-1","max-image-preview":"max-image-preview:large","max-video-preview":"max-video-preview:-1"},"canonical":"https:\/\/tautoko.catholic.org.nz\/mi\/statement\/","og_locale":"mi_NZ","og_type":"article","og_title":"Statement - Te R\u014dp\u016b Tautoko","og_description":"Statement of Te R\u014dp\u016b Tautoko As we conclude our work, Te R\u014dp\u016b Tautoko recognises the long and arduous journey of the inquiry process for everyone involved. First and foremost, we recognise the impact of this process on victims, survivors, their families, and supporters. It also includes the Commissioners and their staff, and core participants and [&hellip;]","og_url":"https:\/\/tautoko.catholic.org.nz\/mi\/statement\/","og_site_name":"Te R\u014dp\u016b Tautoko","article_modified_time":"2024-06-06T21:48:10+00:00","twitter_card":"summary_large_image","schema":{"@context":"https:\/\/schema.org","@graph":[{"@type":"WebPage","@id":"https:\/\/tautoko.catholic.org.nz\/statement\/","url":"https:\/\/tautoko.catholic.org.nz\/statement\/","name":"Statement - Te R\u014dp\u016b Tautoko","isPartOf":{"@id":"https:\/\/tautoko.catholic.org.nz\/#website"},"datePublished":"2024-06-04T08:26:43+00:00","dateModified":"2024-06-06T21:48:10+00:00","breadcrumb":{"@id":"https:\/\/tautoko.catholic.org.nz\/statement\/#breadcrumb"},"inLanguage":"mi-NZ","potentialAction":[{"@type":"ReadAction","target":["https:\/\/tautoko.catholic.org.nz\/statement\/"]}]},{"@type":"BreadcrumbList","@id":"https:\/\/tautoko.catholic.org.nz\/statement\/#breadcrumb","itemListElement":[{"@type":"ListItem","position":1,"name":"Home","item":"https:\/\/tautoko.catholic.org.nz\/"},{"@type":"ListItem","position":2,"name":"Statement"}]},{"@type":"WebSite","@id":"https:\/\/tautoko.catholic.org.nz\/#website","url":"https:\/\/tautoko.catholic.org.nz\/","name":"Te R\u014dp\u016b Tautoko","description":"Te r\u014dp\u016b e whakarite ana i ng\u0101 whakawhitinga o te H\u0101hi Katorika ki te K\u014dmihana Karauna","publisher":{"@id":"https:\/\/tautoko.catholic.org.nz\/#organization"},"potentialAction":[{"@type":"SearchAction","target":{"@type":"EntryPoint","urlTemplate":"https:\/\/tautoko.catholic.org.nz\/?s={search_term_string}"},"query-input":{"@type":"PropertyValueSpecification","valueRequired":true,"valueName":"search_term_string"}}],"inLanguage":"mi-NZ"},{"@type":"Organization","@id":"https:\/\/tautoko.catholic.org.nz\/#organization","name":"Te R\u014dp\u016b Tautoko","url":"https:\/\/tautoko.catholic.org.nz\/","logo":{"@type":"ImageObject","inLanguage":"mi-NZ","@id":"https:\/\/tautoko.catholic.org.nz\/#\/schema\/logo\/image\/","url":"https:\/\/mldnew8xbykf.i.optimole.com\/w:auto\/h:auto\/q:mauto\/f:best\/https:\/\/tautoko.catholic.org.nz\/wp-content\/uploads\/2019\/07\/Tautoko-title-400w.png","contentUrl":"https:\/\/mldnew8xbykf.i.optimole.com\/w:auto\/h:auto\/q:mauto\/f:best\/https:\/\/tautoko.catholic.org.nz\/wp-content\/uploads\/2019\/07\/Tautoko-title-400w.png","width":400,"height":93,"caption":"Te R\u014dp\u016b Tautoko"},"image":{"@id":"https:\/\/tautoko.catholic.org.nz\/#\/schema\/logo\/image\/"}}]}},"_links":{"self":[{"href":"https:\/\/tautoko.catholic.org.nz\/mi\/wp-json\/wp\/v2\/pages\/27317","targetHints":{"allow":["GET"]}}],"collection":[{"href":"https:\/\/tautoko.catholic.org.nz\/mi\/wp-json\/wp\/v2\/pages"}],"about":[{"href":"https:\/\/tautoko.catholic.org.nz\/mi\/wp-json\/wp\/v2\/types\/page"}],"author":[{"embeddable":true,"href":"https:\/\/tautoko.catholic.org.nz\/mi\/wp-json\/wp\/v2\/users\/2"}],"replies":[{"embeddable":true,"href":"https:\/\/tautoko.catholic.org.nz\/mi\/wp-json\/wp\/v2\/comments?post=27317"}],"version-history":[{"count":3,"href":"https:\/\/tautoko.catholic.org.nz\/mi\/wp-json\/wp\/v2\/pages\/27317\/revisions"}],"predecessor-version":[{"id":27323,"href":"https:\/\/tautoko.catholic.org.nz\/mi\/wp-json\/wp\/v2\/pages\/27317\/revisions\/27323"}],"wp:attachment":[{"href":"https:\/\/tautoko.catholic.org.nz\/mi\/wp-json\/wp\/v2\/media?parent=27317"}],"curies":[{"name":"wp","href":"https:\/\/api.w.org\/{rel}","templated":true}]}}