{"id":27293,"date":"2024-05-28T14:23:28","date_gmt":"2024-05-28T02:23:28","guid":{"rendered":"https:\/\/tautoko.catholic.org.nz\/?page_id=27293"},"modified":"2024-05-28T14:23:56","modified_gmt":"2024-05-28T02:23:56","slug":"inquiry-outcomes","status":"publish","type":"page","link":"https:\/\/tautoko.catholic.org.nz\/mi\/inquiry-outcomes\/","title":{"rendered":"Inquiry Outcomes"},"content":{"rendered":"\n[et_pb_section fb_built=&#8221;1&#8243; admin_label=&#8221;Report Abuse&#8221; module_id=&#8221;report&#8221; _builder_version=&#8221;4.25.0&#8243; background_color=&#8221;rgba(0,0,0,0)&#8221; custom_padding=&#8221;80px||100px||false|false&#8221; da_disable_devices=&#8221;off|off|off&#8221; global_colors_info=&#8221;{}&#8221; da_is_popup=&#8221;off&#8221; da_exit_intent=&#8221;off&#8221; da_has_close=&#8221;on&#8221; da_alt_close=&#8221;off&#8221; da_dark_close=&#8221;off&#8221; da_not_modal=&#8221;on&#8221; da_is_singular=&#8221;off&#8221; da_with_loader=&#8221;off&#8221; da_has_shadow=&#8221;on&#8221;][et_pb_row use_custom_gutter=&#8221;on&#8221; gutter_width=&#8221;2&#8243; _builder_version=&#8221;4.25.0&#8243; _module_preset=&#8221;default&#8221; width=&#8221;90vw&#8221; custom_padding=&#8221;||0px||false|false&#8221; hover_enabled=&#8221;0&#8243; global_colors_info=&#8221;{}&#8221; sticky_enabled=&#8221;0&#8243;][et_pb_column type=&#8221;4_4&#8243; _builder_version=&#8221;4.25.0&#8243; _module_preset=&#8221;default&#8221; hover_enabled=&#8221;0&#8243; global_colors_info=&#8221;{}&#8221; custom_css_main_element=&#8221;display:flex;||flex-wrap:wrap;||gap:20px;&#8221; sticky_enabled=&#8221;0&#8243;][et_pb_text _builder_version=&#8221;4.25.0&#8243; _module_preset=&#8221;default&#8221; header_2_text_color=&#8221;#001d12&#8243; header_2_font_size=&#8221;1.3rem&#8221; header_2_line_height=&#8221;1.5rem&#8221; hover_enabled=&#8221;0&#8243; global_colors_info=&#8221;{}&#8221; locked=&#8221;off&#8221; width=&#8221;100%&#8221; custom_margin=&#8221;||0px||false|false&#8221; sticky_enabled=&#8221;0&#8243;]<h2>Key Reports &amp; Hearings for the Catholic Church<\/h2>[\/et_pb_text][et_pb_button button_text=&#8221;Faith-Based Redress Hearings&#8221; _builder_version=&#8221;4.25.0&#8243; _module_preset=&#8221;default&#8221; custom_button=&#8221;on&#8221; button_text_color=&#8221;#0D0901&#8243; button_bg_color=&#8221;gcid-2462ed11-f914-4df9-a92c-6fa3d36367d9&#8243; button_border_color=&#8221;RGBA(255,255,255,0)&#8221; button_font=&#8221;&#8211;et_global_heading_font||||||||&#8221; button_use_icon=&#8221;off&#8221; custom_padding=&#8221;15px|15px|15px|15px|true|true&#8221; hover_enabled=&#8221;0&#8243; custom_css_main_element=&#8221;border-radius: 0 15px 0 15px!important;||line-height:18px!important;&#8221; box_shadow_style=&#8221;preset3&#8243; box_shadow_vertical=&#8221;6px&#8221; box_shadow_blur=&#8221;12px&#8221; box_shadow_color=&#8221;RGBA(255,255,255,0)&#8221; global_colors_info=&#8221;{%22gcid-2462ed11-f914-4df9-a92c-6fa3d36367d9%22:%91%22button_bg_color%22%93,%22gcid-a1cacaea-a915-4bfe-83d5-cf4cd203fc1d%22:%91%22button_border_color__hover%22%93}&#8221; button_border_color__hover_enabled=&#8221;on|desktop&#8221; button_border_color__hover=&#8221;#001d12&#8243; box_shadow_color__hover_enabled=&#8221;on|desktop&#8221; box_shadow_color__hover=&#8221;rgba(135,128,73,0.3)&#8221; locked=&#8221;off&#8221; custom_margin=&#8221;||0px||false|false&#8221; sticky_enabled=&#8221;0&#8243; url_new_window=&#8221;on&#8221; button_url=&#8221;@ET-DC@eyJkeW5hbWljIjp0cnVlLCJjb250ZW50IjoicG9zdF9saW5rX3VybF9wYWdlIiwic2V0dGluZ3MiOnsicG9zdF9pZCI6IjEwNDQifX0=@&#8221; _dynamic_attributes=&#8221;button_url&#8221;][\/et_pb_button][et_pb_button button_text=&#8221;St John of God Brothers (Marylands) Case Study&#8221; _builder_version=&#8221;4.25.0&#8243; _module_preset=&#8221;default&#8221; custom_button=&#8221;on&#8221; button_text_color=&#8221;#0D0901&#8243; button_bg_color=&#8221;gcid-2462ed11-f914-4df9-a92c-6fa3d36367d9&#8243; button_border_color=&#8221;RGBA(255,255,255,0)&#8221; button_font=&#8221;&#8211;et_global_heading_font||||||||&#8221; button_use_icon=&#8221;off&#8221; custom_padding=&#8221;15px|15px|15px|15px|true|true&#8221; hover_enabled=&#8221;0&#8243; custom_css_main_element=&#8221;border-radius: 0 15px 0 15px!important;||line-height:18px!important;&#8221; box_shadow_style=&#8221;preset3&#8243; box_shadow_vertical=&#8221;6px&#8221; box_shadow_blur=&#8221;12px&#8221; box_shadow_color=&#8221;RGBA(255,255,255,0)&#8221; global_colors_info=&#8221;{%22gcid-2462ed11-f914-4df9-a92c-6fa3d36367d9%22:%91%22button_bg_color%22%93,%22gcid-a1cacaea-a915-4bfe-83d5-cf4cd203fc1d%22:%91%22button_border_color__hover%22%93}&#8221; button_border_color__hover_enabled=&#8221;on|desktop&#8221; button_border_color__hover=&#8221;#001d12&#8243; box_shadow_color__hover_enabled=&#8221;on|desktop&#8221; box_shadow_color__hover=&#8221;rgba(135,128,73,0.3)&#8221; locked=&#8221;off&#8221; custom_margin=&#8221;||0px||false|false&#8221; sticky_enabled=&#8221;0&#8243; url_new_window=&#8221;on&#8221; button_url=&#8221;@ET-DC@eyJkeW5hbWljIjp0cnVlLCJjb250ZW50IjoicG9zdF9saW5rX3VybF9wYWdlIiwic2V0dGluZ3MiOnsicG9zdF9pZCI6IjEzOTQifX0=@&#8221; _dynamic_attributes=&#8221;button_url&#8221;][\/et_pb_button][et_pb_button button_text=&#8221;Redress Recommendations&#8221; _builder_version=&#8221;4.25.0&#8243; _module_preset=&#8221;default&#8221; custom_button=&#8221;on&#8221; button_text_color=&#8221;#0D0901&#8243; button_bg_color=&#8221;gcid-2462ed11-f914-4df9-a92c-6fa3d36367d9&#8243; button_border_color=&#8221;RGBA(255,255,255,0)&#8221; button_font=&#8221;&#8211;et_global_heading_font||||||||&#8221; button_use_icon=&#8221;off&#8221; custom_padding=&#8221;15px|15px|15px|15px|true|true&#8221; hover_enabled=&#8221;0&#8243; custom_css_main_element=&#8221;border-radius: 0 15px 0 15px!important;||line-height:18px!important;&#8221; box_shadow_style=&#8221;preset3&#8243; box_shadow_vertical=&#8221;6px&#8221; box_shadow_blur=&#8221;12px&#8221; box_shadow_color=&#8221;RGBA(255,255,255,0)&#8221; global_colors_info=&#8221;{%22gcid-2462ed11-f914-4df9-a92c-6fa3d36367d9%22:%91%22button_bg_color%22%93,%22gcid-a1cacaea-a915-4bfe-83d5-cf4cd203fc1d%22:%91%22button_border_color__hover%22%93}&#8221; button_border_color__hover_enabled=&#8221;on|desktop&#8221; button_border_color__hover=&#8221;#001d12&#8243; box_shadow_color__hover_enabled=&#8221;on|desktop&#8221; box_shadow_color__hover=&#8221;rgba(135,128,73,0.3)&#8221; locked=&#8221;off&#8221; custom_margin=&#8221;||0px||false|false&#8221; sticky_enabled=&#8221;0&#8243; url_new_window=&#8221;on&#8221; button_url=&#8221;@ET-DC@eyJkeW5hbWljIjp0cnVlLCJjb250ZW50IjoicG9zdF9saW5rX3VybF9wYWdlIiwic2V0dGluZ3MiOnsicG9zdF9pZCI6IjI1ODk2In19@&#8221; _dynamic_attributes=&#8221;button_url&#8221;][\/et_pb_button][et_pb_button button_text=&#8221;October Institutional Hearing&#8221; _builder_version=&#8221;4.25.0&#8243; _module_preset=&#8221;default&#8221; custom_button=&#8221;on&#8221; button_text_color=&#8221;#0D0901&#8243; button_bg_color=&#8221;gcid-2462ed11-f914-4df9-a92c-6fa3d36367d9&#8243; button_border_color=&#8221;RGBA(255,255,255,0)&#8221; button_font=&#8221;&#8211;et_global_heading_font||||||||&#8221; button_use_icon=&#8221;off&#8221; custom_padding=&#8221;15px|15px|15px|15px|true|true&#8221; hover_enabled=&#8221;0&#8243; custom_css_main_element=&#8221;border-radius: 0 15px 0 15px!important;||line-height:18px!important;&#8221; box_shadow_style=&#8221;preset3&#8243; box_shadow_vertical=&#8221;6px&#8221; box_shadow_blur=&#8221;12px&#8221; box_shadow_color=&#8221;RGBA(255,255,255,0)&#8221; global_colors_info=&#8221;{%22gcid-2462ed11-f914-4df9-a92c-6fa3d36367d9%22:%91%22button_bg_color%22%93,%22gcid-a1cacaea-a915-4bfe-83d5-cf4cd203fc1d%22:%91%22button_border_color__hover%22%93}&#8221; button_border_color__hover_enabled=&#8221;on|desktop&#8221; button_border_color__hover=&#8221;#001d12&#8243; box_shadow_color__hover_enabled=&#8221;on|desktop&#8221; box_shadow_color__hover=&#8221;rgba(135,128,73,0.3)&#8221; locked=&#8221;off&#8221; custom_margin=&#8221;||0px||false|false&#8221; sticky_enabled=&#8221;0&#8243; url_new_window=&#8221;on&#8221; button_url=&#8221;@ET-DC@eyJkeW5hbWljIjp0cnVlLCJjb250ZW50IjoicG9zdF9saW5rX3VybF9wYWdlIiwic2V0dGluZ3MiOnsicG9zdF9pZCI6IjI2NjMyIn19@&#8221; _dynamic_attributes=&#8221;button_url&#8221;][\/et_pb_button][et_pb_button button_text=&#8221;Final Report (coming later in 2024)&#8221; _builder_version=&#8221;4.25.0&#8243; _module_preset=&#8221;default&#8221; custom_button=&#8221;on&#8221; button_text_color=&#8221;rgba(13,9,1,0.75)&#8221; button_bg_color=&#8221;#e5e5e5&#8243; button_border_color=&#8221;RGBA(255,255,255,0)&#8221; button_font=&#8221;&#8211;et_global_heading_font||||||||&#8221; button_use_icon=&#8221;off&#8221; custom_padding=&#8221;15px|15px|15px|15px|true|true&#8221; hover_enabled=&#8221;0&#8243; custom_css_main_element=&#8221;border-radius: 0 15px 0 15px!important;||line-height:18px!important;&#8221; box_shadow_style=&#8221;preset3&#8243; box_shadow_vertical=&#8221;6px&#8221; box_shadow_blur=&#8221;12px&#8221; box_shadow_color=&#8221;RGBA(255,255,255,0)&#8221; global_colors_info=&#8221;{%22gcid-a1cacaea-a915-4bfe-83d5-cf4cd203fc1d%22:%91%22button_border_color__hover%22%93}&#8221; button_border_color__hover_enabled=&#8221;on|desktop&#8221; button_border_color__hover=&#8221;#001d12&#8243; box_shadow_color__hover_enabled=&#8221;on|desktop&#8221; box_shadow_color__hover=&#8221;rgba(135,128,73,0.3)&#8221; locked=&#8221;off&#8221; custom_margin=&#8221;||0px||false|false&#8221; sticky_enabled=&#8221;0&#8243; button_bg_enable_color=&#8221;on&#8221;][\/et_pb_button][\/et_pb_column][\/et_pb_row][et_pb_row use_custom_gutter=&#8221;on&#8221; gutter_width=&#8221;2&#8243; _builder_version=&#8221;4.25.0&#8243; _module_preset=&#8221;default&#8221; width=&#8221;90vw&#8221; custom_padding=&#8221;||0px||false|false&#8221; hover_enabled=&#8221;0&#8243; global_colors_info=&#8221;{}&#8221; sticky_enabled=&#8221;0&#8243; custom_margin=&#8221;40px||||false|false&#8221;][et_pb_column type=&#8221;4_4&#8243; _builder_version=&#8221;4.25.0&#8243; _module_preset=&#8221;default&#8221; hover_enabled=&#8221;0&#8243; global_colors_info=&#8221;{}&#8221; custom_css_main_element=&#8221;display:flex;||flex-wrap:wrap;||gap:20px;&#8221; sticky_enabled=&#8221;0&#8243;][et_pb_text _builder_version=&#8221;4.25.0&#8243; _module_preset=&#8221;default&#8221; header_2_text_color=&#8221;#001d12&#8243; header_2_font_size=&#8221;1.3rem&#8221; header_2_line_height=&#8221;1.5rem&#8221; hover_enabled=&#8221;0&#8243; global_colors_info=&#8221;{}&#8221; locked=&#8221;off&#8221; width=&#8221;100%&#8221; custom_margin=&#8221;||0px||false|false&#8221; sticky_enabled=&#8221;0&#8243;]<h2>Other Documents &amp; Reports on the Commission&#8217;s Website<\/h2>[\/et_pb_text][et_pb_button button_text=&#8221;All Investigations &#038; Hearings&#8221; _builder_version=&#8221;4.25.0&#8243; _module_preset=&#8221;default&#8221; custom_button=&#8221;on&#8221; button_text_color=&#8221;#0D0901&#8243; button_bg_color=&#8221;gcid-2462ed11-f914-4df9-a92c-6fa3d36367d9&#8243; button_border_color=&#8221;RGBA(255,255,255,0)&#8221; button_font=&#8221;&#8211;et_global_heading_font||||||||&#8221; button_use_icon=&#8221;off&#8221; custom_padding=&#8221;15px|15px|15px|15px|true|true&#8221; hover_enabled=&#8221;0&#8243; custom_css_main_element=&#8221;border-radius: 0 15px 0 15px!important;||line-height:18px!important;&#8221; box_shadow_style=&#8221;preset3&#8243; box_shadow_vertical=&#8221;6px&#8221; box_shadow_blur=&#8221;12px&#8221; box_shadow_color=&#8221;RGBA(255,255,255,0)&#8221; global_colors_info=&#8221;{%22gcid-2462ed11-f914-4df9-a92c-6fa3d36367d9%22:%91%22button_bg_color%22%93,%22gcid-a1cacaea-a915-4bfe-83d5-cf4cd203fc1d%22:%91%22button_border_color__hover%22%93}&#8221; button_border_color__hover_enabled=&#8221;on|desktop&#8221; button_border_color__hover=&#8221;#001d12&#8243; box_shadow_color__hover_enabled=&#8221;on|desktop&#8221; box_shadow_color__hover=&#8221;rgba(135,128,73,0.3)&#8221; locked=&#8221;off&#8221; custom_margin=&#8221;||0px||false|false&#8221; sticky_enabled=&#8221;0&#8243; url_new_window=&#8221;on&#8221; button_url=&#8221;https:\/\/www.abuseincare.org.nz\/investigations-and-hearings\/&#8221;][\/et_pb_button][et_pb_button button_text=&#8221;All Reports&#8221; _builder_version=&#8221;4.25.0&#8243; _module_preset=&#8221;default&#8221; custom_button=&#8221;on&#8221; button_text_color=&#8221;#0D0901&#8243; button_bg_color=&#8221;gcid-2462ed11-f914-4df9-a92c-6fa3d36367d9&#8243; button_border_color=&#8221;RGBA(255,255,255,0)&#8221; button_font=&#8221;&#8211;et_global_heading_font||||||||&#8221; button_use_icon=&#8221;off&#8221; custom_padding=&#8221;15px|15px|15px|15px|true|true&#8221; hover_enabled=&#8221;0&#8243; custom_css_main_element=&#8221;border-radius: 0 15px 0 15px!important;||line-height:18px!important;&#8221; box_shadow_style=&#8221;preset3&#8243; box_shadow_vertical=&#8221;6px&#8221; box_shadow_blur=&#8221;12px&#8221; box_shadow_color=&#8221;RGBA(255,255,255,0)&#8221; global_colors_info=&#8221;{%22gcid-2462ed11-f914-4df9-a92c-6fa3d36367d9%22:%91%22button_bg_color%22%93,%22gcid-a1cacaea-a915-4bfe-83d5-cf4cd203fc1d%22:%91%22button_border_color__hover%22%93}&#8221; button_border_color__hover_enabled=&#8221;on|desktop&#8221; button_border_color__hover=&#8221;#001d12&#8243; box_shadow_color__hover_enabled=&#8221;on|desktop&#8221; box_shadow_color__hover=&#8221;rgba(135,128,73,0.3)&#8221; locked=&#8221;off&#8221; custom_margin=&#8221;||0px||false|false&#8221; sticky_enabled=&#8221;0&#8243; url_new_window=&#8221;on&#8221; button_url=&#8221;https:\/\/www.abuseincare.org.nz\/our-progress\/reports\/&#8221;][\/et_pb_button][\/et_pb_column][\/et_pb_row][\/et_pb_section]\n","protected":false},"excerpt":{"rendered":"<p>Key Reports &amp; Hearings for the Catholic ChurchOther Documents &amp; Reports on the Commission&#8217;s Website<\/p>","protected":false},"author":2,"featured_media":0,"parent":0,"menu_order":0,"comment_status":"closed","ping_status":"closed","template":"","meta":{"_acf_changed":false,"_et_pb_use_builder":"on","_et_pb_old_content":"","_et_gb_content_width":"","_monsterinsights_skip_tracking":false,"_monsterinsights_sitenote_active":false,"_monsterinsights_sitenote_note":"","_monsterinsights_sitenote_category":0,"footnotes":""},"class_list":["post-27293","page","type-page","status-publish","hentry"],"acf":[],"yoast_head":"<!-- This site is optimized with the Yoast SEO plugin v27.3 - https:\/\/yoast.com\/product\/yoast-seo-wordpress\/ -->\n<title>Inquiry Outcomes - Te R\u014dp\u016b Tautoko<\/title>\n<meta name=\"robots\" content=\"index, follow, max-snippet:-1, max-image-preview:large, max-video-preview:-1\" \/>\n<link rel=\"canonical\" href=\"https:\/\/tautoko.catholic.org.nz\/mi\/inquiry-outcomes\/\" \/>\n<meta property=\"og:locale\" content=\"mi_NZ\" \/>\n<meta property=\"og:type\" content=\"article\" \/>\n<meta property=\"og:title\" content=\"Inquiry Outcomes - Te R\u014dp\u016b Tautoko\" \/>\n<meta property=\"og:description\" content=\"Key Reports &amp; Hearings for the Catholic ChurchOther Documents &amp; Reports on the Commission&#039;s Website\" \/>\n<meta property=\"og:url\" content=\"https:\/\/tautoko.catholic.org.nz\/mi\/inquiry-outcomes\/\" \/>\n<meta property=\"og:site_name\" content=\"Te R\u014dp\u016b Tautoko\" \/>\n<meta property=\"article:modified_time\" content=\"2024-05-28T02:23:56+00:00\" \/>\n<meta name=\"twitter:card\" content=\"summary_large_image\" \/>\n<meta name=\"twitter:label1\" content=\"Est. reading time\" \/>\n\t<meta name=\"twitter:data1\" content=\"1 minute\" \/>\n<script type=\"application\/ld+json\" class=\"yoast-schema-graph\">{\"@context\":\"https:\\\/\\\/schema.org\",\"@graph\":[{\"@type\":\"WebPage\",\"@id\":\"https:\\\/\\\/tautoko.catholic.org.nz\\\/inquiry-outcomes\\\/\",\"url\":\"https:\\\/\\\/tautoko.catholic.org.nz\\\/inquiry-outcomes\\\/\",\"name\":\"Inquiry Outcomes - Te R\u014dp\u016b Tautoko\",\"isPartOf\":{\"@id\":\"https:\\\/\\\/tautoko.catholic.org.nz\\\/#website\"},\"datePublished\":\"2024-05-28T02:23:28+00:00\",\"dateModified\":\"2024-05-28T02:23:56+00:00\",\"breadcrumb\":{\"@id\":\"https:\\\/\\\/tautoko.catholic.org.nz\\\/inquiry-outcomes\\\/#breadcrumb\"},\"inLanguage\":\"mi-NZ\",\"potentialAction\":[{\"@type\":\"ReadAction\",\"target\":[\"https:\\\/\\\/tautoko.catholic.org.nz\\\/inquiry-outcomes\\\/\"]}]},{\"@type\":\"BreadcrumbList\",\"@id\":\"https:\\\/\\\/tautoko.catholic.org.nz\\\/inquiry-outcomes\\\/#breadcrumb\",\"itemListElement\":[{\"@type\":\"ListItem\",\"position\":1,\"name\":\"Home\",\"item\":\"https:\\\/\\\/tautoko.catholic.org.nz\\\/\"},{\"@type\":\"ListItem\",\"position\":2,\"name\":\"Inquiry Outcomes\"}]},{\"@type\":\"WebSite\",\"@id\":\"https:\\\/\\\/tautoko.catholic.org.nz\\\/#website\",\"url\":\"https:\\\/\\\/tautoko.catholic.org.nz\\\/\",\"name\":\"Te R\u014dp\u016b Tautoko\",\"description\":\"The group coordinating Catholic engagement with the Royal Commission\",\"publisher\":{\"@id\":\"https:\\\/\\\/tautoko.catholic.org.nz\\\/#organization\"},\"potentialAction\":[{\"@type\":\"SearchAction\",\"target\":{\"@type\":\"EntryPoint\",\"urlTemplate\":\"https:\\\/\\\/tautoko.catholic.org.nz\\\/?s={search_term_string}\"},\"query-input\":{\"@type\":\"PropertyValueSpecification\",\"valueRequired\":true,\"valueName\":\"search_term_string\"}}],\"inLanguage\":\"mi-NZ\"},{\"@type\":\"Organization\",\"@id\":\"https:\\\/\\\/tautoko.catholic.org.nz\\\/#organization\",\"name\":\"Te R\u014dp\u016b Tautoko\",\"url\":\"https:\\\/\\\/tautoko.catholic.org.nz\\\/\",\"logo\":{\"@type\":\"ImageObject\",\"inLanguage\":\"mi-NZ\",\"@id\":\"https:\\\/\\\/tautoko.catholic.org.nz\\\/#\\\/schema\\\/logo\\\/image\\\/\",\"url\":\"https:\\/\\/tautoko.catholic.org.nz\\/wp-content\\/uploads\\/2019\\/07\\/Tautoko-title-400w.png\",\"contentUrl\":\"https:\\/\\/tautoko.catholic.org.nz\\/wp-content\\/uploads\\/2019\\/07\\/Tautoko-title-400w.png\",\"width\":400,\"height\":93,\"caption\":\"Te R\u014dp\u016b Tautoko\"},\"image\":{\"@id\":\"https:\\\/\\\/tautoko.catholic.org.nz\\\/#\\\/schema\\\/logo\\\/image\\\/\"}}]}<\/script>\n<!-- \/ Yoast SEO plugin. -->","yoast_head_json":{"title":"Inquiry Outcomes - Te R\u014dp\u016b Tautoko","robots":{"index":"index","follow":"follow","max-snippet":"max-snippet:-1","max-image-preview":"max-image-preview:large","max-video-preview":"max-video-preview:-1"},"canonical":"https:\/\/tautoko.catholic.org.nz\/mi\/inquiry-outcomes\/","og_locale":"mi_NZ","og_type":"article","og_title":"Inquiry Outcomes - Te R\u014dp\u016b Tautoko","og_description":"Key Reports &amp; Hearings for the Catholic ChurchOther Documents &amp; Reports on the Commission's Website","og_url":"https:\/\/tautoko.catholic.org.nz\/mi\/inquiry-outcomes\/","og_site_name":"Te R\u014dp\u016b Tautoko","article_modified_time":"2024-05-28T02:23:56+00:00","twitter_card":"summary_large_image","twitter_misc":{"Est. reading time":"1 minute"},"schema":{"@context":"https:\/\/schema.org","@graph":[{"@type":"WebPage","@id":"https:\/\/tautoko.catholic.org.nz\/inquiry-outcomes\/","url":"https:\/\/tautoko.catholic.org.nz\/inquiry-outcomes\/","name":"Inquiry Outcomes - Te R\u014dp\u016b Tautoko","isPartOf":{"@id":"https:\/\/tautoko.catholic.org.nz\/#website"},"datePublished":"2024-05-28T02:23:28+00:00","dateModified":"2024-05-28T02:23:56+00:00","breadcrumb":{"@id":"https:\/\/tautoko.catholic.org.nz\/inquiry-outcomes\/#breadcrumb"},"inLanguage":"mi-NZ","potentialAction":[{"@type":"ReadAction","target":["https:\/\/tautoko.catholic.org.nz\/inquiry-outcomes\/"]}]},{"@type":"BreadcrumbList","@id":"https:\/\/tautoko.catholic.org.nz\/inquiry-outcomes\/#breadcrumb","itemListElement":[{"@type":"ListItem","position":1,"name":"Home","item":"https:\/\/tautoko.catholic.org.nz\/"},{"@type":"ListItem","position":2,"name":"Inquiry Outcomes"}]},{"@type":"WebSite","@id":"https:\/\/tautoko.catholic.org.nz\/#website","url":"https:\/\/tautoko.catholic.org.nz\/","name":"Te R\u014dp\u016b Tautoko","description":"Te r\u014dp\u016b e whakarite ana i ng\u0101 whakawhitinga o te H\u0101hi Katorika ki te K\u014dmihana Karauna","publisher":{"@id":"https:\/\/tautoko.catholic.org.nz\/#organization"},"potentialAction":[{"@type":"SearchAction","target":{"@type":"EntryPoint","urlTemplate":"https:\/\/tautoko.catholic.org.nz\/?s={search_term_string}"},"query-input":{"@type":"PropertyValueSpecification","valueRequired":true,"valueName":"search_term_string"}}],"inLanguage":"mi-NZ"},{"@type":"Organization","@id":"https:\/\/tautoko.catholic.org.nz\/#organization","name":"Te R\u014dp\u016b Tautoko","url":"https:\/\/tautoko.catholic.org.nz\/","logo":{"@type":"ImageObject","inLanguage":"mi-NZ","@id":"https:\/\/tautoko.catholic.org.nz\/#\/schema\/logo\/image\/","url":"https:\/\/mldnew8xbykf.i.optimole.com\/w:auto\/h:auto\/q:mauto\/f:best\/https:\/\/tautoko.catholic.org.nz\/wp-content\/uploads\/2019\/07\/Tautoko-title-400w.png","contentUrl":"https:\/\/mldnew8xbykf.i.optimole.com\/w:auto\/h:auto\/q:mauto\/f:best\/https:\/\/tautoko.catholic.org.nz\/wp-content\/uploads\/2019\/07\/Tautoko-title-400w.png","width":400,"height":93,"caption":"Te R\u014dp\u016b Tautoko"},"image":{"@id":"https:\/\/tautoko.catholic.org.nz\/#\/schema\/logo\/image\/"}}]}},"_links":{"self":[{"href":"https:\/\/tautoko.catholic.org.nz\/mi\/wp-json\/wp\/v2\/pages\/27293","targetHints":{"allow":["GET"]}}],"collection":[{"href":"https:\/\/tautoko.catholic.org.nz\/mi\/wp-json\/wp\/v2\/pages"}],"about":[{"href":"https:\/\/tautoko.catholic.org.nz\/mi\/wp-json\/wp\/v2\/types\/page"}],"author":[{"embeddable":true,"href":"https:\/\/tautoko.catholic.org.nz\/mi\/wp-json\/wp\/v2\/users\/2"}],"replies":[{"embeddable":true,"href":"https:\/\/tautoko.catholic.org.nz\/mi\/wp-json\/wp\/v2\/comments?post=27293"}],"version-history":[{"count":5,"href":"https:\/\/tautoko.catholic.org.nz\/mi\/wp-json\/wp\/v2\/pages\/27293\/revisions"}],"predecessor-version":[{"id":27302,"href":"https:\/\/tautoko.catholic.org.nz\/mi\/wp-json\/wp\/v2\/pages\/27293\/revisions\/27302"}],"wp:attachment":[{"href":"https:\/\/tautoko.catholic.org.nz\/mi\/wp-json\/wp\/v2\/media?parent=27293"}],"curies":[{"name":"wp","href":"https:\/\/api.w.org\/{rel}","templated":true}]}}