{"id":26932,"date":"2023-06-30T18:12:47","date_gmt":"2023-06-30T06:12:47","guid":{"rendered":"https:\/\/tautoko.catholic.org.nz\/?page_id=26932"},"modified":"2024-08-16T11:09:46","modified_gmt":"2024-08-15T23:09:46","slug":"assessment","status":"publish","type":"page","link":"https:\/\/tautoko.catholic.org.nz\/mi\/assessment\/","title":{"rendered":"Assessment"},"content":{"rendered":"<p>[et_pb_section fb_built=&#8221;1&#8243; _builder_version=&#8221;4.27.0&#8243; _module_preset=&#8221;default&#8221; hover_enabled=&#8221;0&#8243; da_disable_devices=&#8221;off|off|off&#8221; global_colors_info=&#8221;{}&#8221; background_color=&#8221;#FFFFFF&#8221; sticky_enabled=&#8221;0&#8243; da_is_popup=&#8221;off&#8221; da_exit_intent=&#8221;off&#8221; da_has_close=&#8221;on&#8221; da_alt_close=&#8221;off&#8221; da_dark_close=&#8221;off&#8221; da_not_modal=&#8221;on&#8221; da_is_singular=&#8221;off&#8221; da_with_loader=&#8221;off&#8221; da_has_shadow=&#8221;on&#8221;][et_pb_row _builder_version=&#8221;4.23.1&#8243; _module_preset=&#8221;default&#8221; max_width=&#8221;800px&#8221; global_colors_info=&#8221;{}&#8221;][et_pb_column type=&#8221;4_4&#8243; _builder_version=&#8221;4.16&#8243; _module_preset=&#8221;default&#8221; global_colors_info=&#8221;{}&#8221;][et_pb_text module_id=&#8221;intro&#8221; _builder_version=&#8221;4.23.1&#8243; _module_preset=&#8221;default&#8221; global_colors_info=&#8221;{}&#8221;]<\/p>\n<h1>Assessment of the Implementation of Safeguarding Culture Standards of the Catholic Church in Aotearoa New Zealand<\/h1>\n<p>&nbsp;<\/p>\n<p>On behalf of the bishops and congregational leaders and the National Safeguarding and Professional Standards Committee, Te R\u014dp\u016b Tautoko (TRT) sought proposals from suitably qualified and experienced assessors to conduct an assessment of the implementation of the Safeguarding Culture Standards of the Catholic Church in Aotearoa New Zealand.<\/p>\n<p>The assessment focused on two standards: <a href=\"https:\/\/safeguarding.catholic.org.nz\/safeguarding\/responding\/\" target=\"_blank\" rel=\"noopener\">Standard 3 &#8211; Responding to Complaints or Concerns<\/a>, and <a href=\"https:\/\/safeguarding.catholic.org.nz\/safeguarding\/monitoring\/\" target=\"_blank\" rel=\"noopener\">Standard 4 &#8211; Monitoring Compliance with National Policy.<\/a><\/p>\n<p><strong>Terms of Reference for the Assessment are available <a href=\"https:\/\/tautoko.catholic.org.nz\/wp-content\/uploads\/2023\/06\/20230630-Terms-of-Reference-for-Assessment-of-Standards.pdf\" target=\"_blank\" rel=\"noopener\">here.<\/a><\/strong><\/p>\n<p>The purpose of this assessment was to evaluate compliance, effectiveness, and appropriateness of the standards, as well as identify areas for improvement.<\/p>\n<p>These Terms of Reference responds, in part, to item 2.5 of the <a href=\"https:\/\/tautoko.catholic.org.nz\/roadmap\/\">Roadmap<\/a>:<\/p>\n<blockquote>\n<p>The National Safeguarding and Professional Standards Committee and Te R\u014dp\u016b Tautoko to work together to ensure that a robust and independent assessment processes for the current Catholic Church redress and safeguarding system is undertaken.<\/p>\n<\/blockquote>\n<p>More information on the safeguarding culture standards can be found on the website: <a href=\"http:\/\/www.safeguarding.catholic.org.nz\/\" target=\"_blank\" rel=\"noopener\">www.safeguarding.catholic.org.nz<\/a><\/p>\n<p>[\/et_pb_text][\/et_pb_column][\/et_pb_row][\/et_pb_section][et_pb_section fb_built=&#8221;1&#8243; _builder_version=&#8221;4.27.0&#8243; _module_preset=&#8221;default&#8221; custom_margin=&#8221;||||false|false&#8221; hover_enabled=&#8221;0&#8243; da_disable_devices=&#8221;off|off|off&#8221; global_colors_info=&#8221;{}&#8221; background_color=&#8221;#f9f9f9&#8243; sticky_enabled=&#8221;0&#8243; da_is_popup=&#8221;off&#8221; da_exit_intent=&#8221;off&#8221; da_has_close=&#8221;on&#8221; da_alt_close=&#8221;off&#8221; da_dark_close=&#8221;off&#8221; da_not_modal=&#8221;on&#8221; da_is_singular=&#8221;off&#8221; da_with_loader=&#8221;off&#8221; da_has_shadow=&#8221;on&#8221;][et_pb_row _builder_version=&#8221;4.23.1&#8243; _module_preset=&#8221;default&#8221; max_width=&#8221;800px&#8221; global_colors_info=&#8221;{}&#8221;][et_pb_column type=&#8221;4_4&#8243; _builder_version=&#8221;4.16&#8243; _module_preset=&#8221;default&#8221; global_colors_info=&#8221;{}&#8221;][et_pb_text ul_item_indent=&#8221;2em&#8221; module_id=&#8221;intro&#8221; _builder_version=&#8221;4.23.1&#8243; _module_preset=&#8221;default&#8221; global_colors_info=&#8221;{}&#8221;]<\/p>\n<h1>Assessor Appointment<\/h1>\n<p>&nbsp;<\/p>\n<p><strong>TRT appointed and entrusted the assessment to GCPS Consulting, based in the United Kingdom. <\/strong><\/p>\n<p><a href=\"https:\/\/gcps.consulting\/\">GCPS Consulting<\/a>\u00a0is a consulting firm that specialises in helping organisations ensure the safety of children and adults and improve their systems for preventing and reporting\/responding to allegations of abuse. GCPS deals with the identification of risks and issues and has extensive international experience and expertise in policy development, training, review, evaluation, investigations as well as inquiries.<\/p>\n<p>In the Catholic context their work <em>includes:<\/em><\/p>\n<ul>\n<li><em>a safeguarding audit of the Missions Etrang\u00e8res de Paris, a French missionary society, focusing on the Asia-Pacific region; <\/em><\/li>\n<li><em>the inquiry into historical abuse allegations into the founder of L\u2019Arche International; and<\/em><\/li>\n<li><em>the inquiry into historical child abuse allegations in the Focolare Movement in France<\/em><\/li>\n<\/ul>\n<p>In other spheres their work has<em> included: <\/em><\/p>\n<ul>\n<li><em>conducting an Independent Assurance Review on behalf of the UK charities regulator UK Charity Commission \u2013to assess Oxfam GB\u2019s compliance;<\/em><\/li>\n<li><em>participating in an evaluative review of safeguarding measures across UNHCR with a particular focus on investigations of sexual misconduct cases; and <\/em><\/li>\n<li><em>conducting a review of the Australian government department\u2019s child protection policy for the Australian Department of Foreign Affairs and Trade (DFAT). <\/em><\/li>\n<\/ul>\n<p>The output of the assessment is a report provided to TRT to be considered by the Mixed Commission and the National Safeguarding and Professional Standards Committee. It is the Mixed Commission that will determine the response to conclusions and recommendations arising from the report.<\/p>\n<p>The assessment started in November 2023 and was completed in late July 2024. A summary of the final assessment report will be made publicly available on the TRT website in August.<\/p>\n<p>[\/et_pb_text][\/et_pb_column][\/et_pb_row][\/et_pb_section][et_pb_section fb_built=&#8221;1&#8243; _builder_version=&#8221;4.27.0&#8243; _module_preset=&#8221;default&#8221; hover_enabled=&#8221;0&#8243; da_disable_devices=&#8221;off|off|off&#8221; global_colors_info=&#8221;{}&#8221; background_color=&#8221;#FFFFFF&#8221; sticky_enabled=&#8221;0&#8243; display_conditions=&#8221;W3siaWQiOiI4OWM2ZjY1Yi1hMGUyLTRlZTEtOWQwYi1hZDBmMjQ5ODNmMDkiLCJjb25kaXRpb24iOiJkYXRlVGltZSIsImNvbmRpdGlvblNldHRpbmdzIjp7ImRpc3BsYXlSdWxlIjoiaXNBZnRlciIsImRhdGUiOiIyMDI0LTgtMTYiLCJ0aW1lIjoiMTE6NDUiLCJ3ZWVrZGF5cyI6InwiLCJhbGxEYXkiOiJvbiIsImZyb21UaW1lIjoiMDA6MDAiLCJ1bnRpbFRpbWUiOiIwMDowMCIsInJlcGVhdCI6Im9mZiIsInJlcGVhdEZyZXF1ZW5jeSI6Im1vbnRobHkiLCJyZXBlYXRGcmVxdWVuY3lTcGVjaWZpY0RheXMiOiJ3ZWVrbHkiLCJyZXBlYXRFbmQiOiJuZXZlciIsInJlcGVhdFVudGlsRGF0ZSI6IjIwMjQtOC0xNiIsInJlcGVhdFRpbWVzIjoiMyIsImFkbWluTGFiZWwiOiJEaXNwbGF5IGFmdGVyIDExOjQ1IiwiZW5hYmxlQ29uZGl0aW9uIjoib24ifSwib3BlcmF0b3IiOiJPUiJ9XQ==&#8221; da_is_popup=&#8221;off&#8221; da_exit_intent=&#8221;off&#8221; da_has_close=&#8221;on&#8221; da_alt_close=&#8221;off&#8221; da_dark_close=&#8221;off&#8221; da_not_modal=&#8221;on&#8221; da_is_singular=&#8221;off&#8221; da_with_loader=&#8221;off&#8221; da_has_shadow=&#8221;on&#8221;][et_pb_row _builder_version=&#8221;4.23.1&#8243; _module_preset=&#8221;default&#8221; max_width=&#8221;800px&#8221; global_colors_info=&#8221;{}&#8221;][et_pb_column type=&#8221;4_4&#8243; _builder_version=&#8221;4.16&#8243; _module_preset=&#8221;default&#8221; global_colors_info=&#8221;{}&#8221;][et_pb_text module_id=&#8221;intro&#8221; _builder_version=&#8221;4.27.0&#8243; _module_preset=&#8221;default&#8221; hover_enabled=&#8221;0&#8243; global_colors_info=&#8221;{}&#8221; sticky_enabled=&#8221;0&#8243;]<\/p>\n<h1>Summary Report<\/h1>\n<p>&nbsp;<\/p>\n<p>In late July 2024, Church leaders received a report from GCPS Consulting following its extensive assessment of safeguarding culture standards. The assessors examined hundreds of documents, interviewed dozens of people in person and online.<\/p>\n<p><a href=\"https:\/\/tautoko.catholic.org.nz\/wp-content\/uploads\/2024\/08\/Summary-Report-GCPS-Consulting.pdf\" target=\"_blank\" rel=\"noopener\" title=\"Summary Report \u2013 Assessment of the Implementation of the Safeguarding Culture Standards\"><span>Click here to read the summary report.<\/span><\/a><\/p>\n<p>[\/et_pb_text][\/et_pb_column][\/et_pb_row][\/et_pb_section]<\/p>\n","protected":false},"excerpt":{"rendered":"<p>Assessment of the Implementation of Safeguarding Culture Standards of the Catholic Church in Aotearoa New Zealand &nbsp; On behalf of the bishops and congregational leaders and the National Safeguarding and Professional Standards Committee, Te R\u014dp\u016b Tautoko (TRT) sought proposals from suitably qualified and experienced assessors to conduct an assessment of the implementation of the Safeguarding [&hellip;]<\/p>\n","protected":false},"author":4,"featured_media":0,"parent":0,"menu_order":0,"comment_status":"closed","ping_status":"closed","template":"","meta":{"_acf_changed":false,"_et_pb_use_builder":"on","_et_pb_old_content":"","_et_gb_content_width":"","_monsterinsights_skip_tracking":false,"_monsterinsights_sitenote_active":false,"_monsterinsights_sitenote_note":"","_monsterinsights_sitenote_category":0,"footnotes":""},"class_list":["post-26932","page","type-page","status-publish","hentry"],"acf":[],"yoast_head":"<!-- This site is optimized with the Yoast SEO plugin v27.3 - https:\/\/yoast.com\/product\/yoast-seo-wordpress\/ -->\n<title>Assessment - Te R\u014dp\u016b Tautoko<\/title>\n<meta name=\"robots\" content=\"index, follow, max-snippet:-1, max-image-preview:large, max-video-preview:-1\" \/>\n<link rel=\"canonical\" href=\"https:\/\/tautoko.catholic.org.nz\/mi\/assessment\/\" \/>\n<meta property=\"og:locale\" content=\"mi_NZ\" \/>\n<meta property=\"og:type\" content=\"article\" \/>\n<meta property=\"og:title\" content=\"Assessment - Te R\u014dp\u016b Tautoko\" \/>\n<meta property=\"og:description\" content=\"Assessment of the Implementation of Safeguarding Culture Standards of the Catholic Church in Aotearoa New Zealand &nbsp; On behalf of the bishops and congregational leaders and the National Safeguarding and Professional Standards Committee, Te R\u014dp\u016b Tautoko (TRT) sought proposals from suitably qualified and experienced assessors to conduct an assessment of the implementation of the Safeguarding [&hellip;]\" \/>\n<meta property=\"og:url\" content=\"https:\/\/tautoko.catholic.org.nz\/mi\/assessment\/\" \/>\n<meta property=\"og:site_name\" content=\"Te R\u014dp\u016b Tautoko\" \/>\n<meta property=\"article:modified_time\" content=\"2024-08-15T23:09:46+00:00\" \/>\n<meta name=\"twitter:card\" content=\"summary_large_image\" \/>\n<meta name=\"twitter:label1\" content=\"Est. reading time\" \/>\n\t<meta name=\"twitter:data1\" content=\"2 minutes\" \/>\n<script type=\"application\/ld+json\" class=\"yoast-schema-graph\">{\"@context\":\"https:\\\/\\\/schema.org\",\"@graph\":[{\"@type\":\"WebPage\",\"@id\":\"https:\\\/\\\/tautoko.catholic.org.nz\\\/assessment\\\/\",\"url\":\"https:\\\/\\\/tautoko.catholic.org.nz\\\/assessment\\\/\",\"name\":\"Assessment - Te R\u014dp\u016b Tautoko\",\"isPartOf\":{\"@id\":\"https:\\\/\\\/tautoko.catholic.org.nz\\\/#website\"},\"datePublished\":\"2023-06-30T06:12:47+00:00\",\"dateModified\":\"2024-08-15T23:09:46+00:00\",\"breadcrumb\":{\"@id\":\"https:\\\/\\\/tautoko.catholic.org.nz\\\/assessment\\\/#breadcrumb\"},\"inLanguage\":\"mi-NZ\",\"potentialAction\":[{\"@type\":\"ReadAction\",\"target\":[\"https:\\\/\\\/tautoko.catholic.org.nz\\\/assessment\\\/\"]}]},{\"@type\":\"BreadcrumbList\",\"@id\":\"https:\\\/\\\/tautoko.catholic.org.nz\\\/assessment\\\/#breadcrumb\",\"itemListElement\":[{\"@type\":\"ListItem\",\"position\":1,\"name\":\"Home\",\"item\":\"https:\\\/\\\/tautoko.catholic.org.nz\\\/\"},{\"@type\":\"ListItem\",\"position\":2,\"name\":\"Assessment\"}]},{\"@type\":\"WebSite\",\"@id\":\"https:\\\/\\\/tautoko.catholic.org.nz\\\/#website\",\"url\":\"https:\\\/\\\/tautoko.catholic.org.nz\\\/\",\"name\":\"Te R\u014dp\u016b Tautoko\",\"description\":\"The group coordinating Catholic engagement with the Royal Commission\",\"publisher\":{\"@id\":\"https:\\\/\\\/tautoko.catholic.org.nz\\\/#organization\"},\"potentialAction\":[{\"@type\":\"SearchAction\",\"target\":{\"@type\":\"EntryPoint\",\"urlTemplate\":\"https:\\\/\\\/tautoko.catholic.org.nz\\\/?s={search_term_string}\"},\"query-input\":{\"@type\":\"PropertyValueSpecification\",\"valueRequired\":true,\"valueName\":\"search_term_string\"}}],\"inLanguage\":\"mi-NZ\"},{\"@type\":\"Organization\",\"@id\":\"https:\\\/\\\/tautoko.catholic.org.nz\\\/#organization\",\"name\":\"Te R\u014dp\u016b Tautoko\",\"url\":\"https:\\\/\\\/tautoko.catholic.org.nz\\\/\",\"logo\":{\"@type\":\"ImageObject\",\"inLanguage\":\"mi-NZ\",\"@id\":\"https:\\\/\\\/tautoko.catholic.org.nz\\\/#\\\/schema\\\/logo\\\/image\\\/\",\"url\":\"https:\\/\\/tautoko.catholic.org.nz\\/wp-content\\/uploads\\/2019\\/07\\/Tautoko-title-400w.png\",\"contentUrl\":\"https:\\/\\/tautoko.catholic.org.nz\\/wp-content\\/uploads\\/2019\\/07\\/Tautoko-title-400w.png\",\"width\":400,\"height\":93,\"caption\":\"Te R\u014dp\u016b Tautoko\"},\"image\":{\"@id\":\"https:\\\/\\\/tautoko.catholic.org.nz\\\/#\\\/schema\\\/logo\\\/image\\\/\"}}]}<\/script>\n<!-- \/ Yoast SEO plugin. -->","yoast_head_json":{"title":"Assessment - Te R\u014dp\u016b Tautoko","robots":{"index":"index","follow":"follow","max-snippet":"max-snippet:-1","max-image-preview":"max-image-preview:large","max-video-preview":"max-video-preview:-1"},"canonical":"https:\/\/tautoko.catholic.org.nz\/mi\/assessment\/","og_locale":"mi_NZ","og_type":"article","og_title":"Assessment - Te R\u014dp\u016b Tautoko","og_description":"Assessment of the Implementation of Safeguarding Culture Standards of the Catholic Church in Aotearoa New Zealand &nbsp; On behalf of the bishops and congregational leaders and the National Safeguarding and Professional Standards Committee, Te R\u014dp\u016b Tautoko (TRT) sought proposals from suitably qualified and experienced assessors to conduct an assessment of the implementation of the Safeguarding [&hellip;]","og_url":"https:\/\/tautoko.catholic.org.nz\/mi\/assessment\/","og_site_name":"Te R\u014dp\u016b Tautoko","article_modified_time":"2024-08-15T23:09:46+00:00","twitter_card":"summary_large_image","twitter_misc":{"Est. reading time":"2 minutes"},"schema":{"@context":"https:\/\/schema.org","@graph":[{"@type":"WebPage","@id":"https:\/\/tautoko.catholic.org.nz\/assessment\/","url":"https:\/\/tautoko.catholic.org.nz\/assessment\/","name":"Assessment - Te R\u014dp\u016b Tautoko","isPartOf":{"@id":"https:\/\/tautoko.catholic.org.nz\/#website"},"datePublished":"2023-06-30T06:12:47+00:00","dateModified":"2024-08-15T23:09:46+00:00","breadcrumb":{"@id":"https:\/\/tautoko.catholic.org.nz\/assessment\/#breadcrumb"},"inLanguage":"mi-NZ","potentialAction":[{"@type":"ReadAction","target":["https:\/\/tautoko.catholic.org.nz\/assessment\/"]}]},{"@type":"BreadcrumbList","@id":"https:\/\/tautoko.catholic.org.nz\/assessment\/#breadcrumb","itemListElement":[{"@type":"ListItem","position":1,"name":"Home","item":"https:\/\/tautoko.catholic.org.nz\/"},{"@type":"ListItem","position":2,"name":"Assessment"}]},{"@type":"WebSite","@id":"https:\/\/tautoko.catholic.org.nz\/#website","url":"https:\/\/tautoko.catholic.org.nz\/","name":"Te R\u014dp\u016b Tautoko","description":"Te r\u014dp\u016b e whakarite ana i ng\u0101 whakawhitinga o te H\u0101hi Katorika ki te K\u014dmihana Karauna","publisher":{"@id":"https:\/\/tautoko.catholic.org.nz\/#organization"},"potentialAction":[{"@type":"SearchAction","target":{"@type":"EntryPoint","urlTemplate":"https:\/\/tautoko.catholic.org.nz\/?s={search_term_string}"},"query-input":{"@type":"PropertyValueSpecification","valueRequired":true,"valueName":"search_term_string"}}],"inLanguage":"mi-NZ"},{"@type":"Organization","@id":"https:\/\/tautoko.catholic.org.nz\/#organization","name":"Te R\u014dp\u016b Tautoko","url":"https:\/\/tautoko.catholic.org.nz\/","logo":{"@type":"ImageObject","inLanguage":"mi-NZ","@id":"https:\/\/tautoko.catholic.org.nz\/#\/schema\/logo\/image\/","url":"https:\/\/mldnew8xbykf.i.optimole.com\/w:auto\/h:auto\/q:mauto\/f:best\/https:\/\/tautoko.catholic.org.nz\/wp-content\/uploads\/2019\/07\/Tautoko-title-400w.png","contentUrl":"https:\/\/mldnew8xbykf.i.optimole.com\/w:auto\/h:auto\/q:mauto\/f:best\/https:\/\/tautoko.catholic.org.nz\/wp-content\/uploads\/2019\/07\/Tautoko-title-400w.png","width":400,"height":93,"caption":"Te R\u014dp\u016b Tautoko"},"image":{"@id":"https:\/\/tautoko.catholic.org.nz\/#\/schema\/logo\/image\/"}}]}},"_links":{"self":[{"href":"https:\/\/tautoko.catholic.org.nz\/mi\/wp-json\/wp\/v2\/pages\/26932","targetHints":{"allow":["GET"]}}],"collection":[{"href":"https:\/\/tautoko.catholic.org.nz\/mi\/wp-json\/wp\/v2\/pages"}],"about":[{"href":"https:\/\/tautoko.catholic.org.nz\/mi\/wp-json\/wp\/v2\/types\/page"}],"author":[{"embeddable":true,"href":"https:\/\/tautoko.catholic.org.nz\/mi\/wp-json\/wp\/v2\/users\/4"}],"replies":[{"embeddable":true,"href":"https:\/\/tautoko.catholic.org.nz\/mi\/wp-json\/wp\/v2\/comments?post=26932"}],"version-history":[{"count":19,"href":"https:\/\/tautoko.catholic.org.nz\/mi\/wp-json\/wp\/v2\/pages\/26932\/revisions"}],"predecessor-version":[{"id":27360,"href":"https:\/\/tautoko.catholic.org.nz\/mi\/wp-json\/wp\/v2\/pages\/26932\/revisions\/27360"}],"wp:attachment":[{"href":"https:\/\/tautoko.catholic.org.nz\/mi\/wp-json\/wp\/v2\/media?parent=26932"}],"curies":[{"name":"wp","href":"https:\/\/api.w.org\/{rel}","templated":true}]}}