{"id":1044,"date":"2021-03-16T07:56:59","date_gmt":"2021-03-15T19:56:59","guid":{"rendered":"https:\/\/tautoko.catholic.org.nz\/?page_id=1044"},"modified":"2021-11-03T16:05:54","modified_gmt":"2021-11-03T03:05:54","slug":"redress","status":"publish","type":"page","link":"https:\/\/tautoko.catholic.org.nz\/mi\/redress\/","title":{"rendered":"Ng\u0101 Whakaw\u0101 e Whakatika ana i ng\u0101 Mahi a te Whakapono"},"content":{"rendered":"<p>[et_pb_section fb_built=&#8221;1&#8243; disabled_on=&#8221;off|off|off&#8221; _builder_version=&#8221;4.9.4&#8243; _module_preset=&#8221;default&#8221; custom_margin=&#8221;||25px||false|false&#8221; da_disable_devices=&#8221;off|off|off&#8221; locked=&#8221;off&#8221; global_colors_info=&#8221;{}&#8221; da_is_popup=&#8221;off&#8221; da_exit_intent=&#8221;off&#8221; da_has_close=&#8221;on&#8221; da_alt_close=&#8221;off&#8221; da_dark_close=&#8221;off&#8221; da_not_modal=&#8221;on&#8221; da_is_singular=&#8221;off&#8221; da_with_loader=&#8221;off&#8221; da_has_shadow=&#8221;on&#8221;][et_pb_row disabled_on=&#8221;off|off|on&#8221; module_id=&#8221;intro&#8221; _builder_version=&#8221;4.9.4&#8243; _module_preset=&#8221;default&#8221; global_colors_info=&#8221;{}&#8221;][et_pb_column type=&#8221;4_4&#8243; _builder_version=&#8221;4.9.4&#8243; _module_preset=&#8221;default&#8221; global_colors_info=&#8221;{}&#8221;][et_pb_toggle title=&#8221;Table of Contents&#8221; _builder_version=&#8221;4.9.4&#8243; _module_preset=&#8221;default&#8221; body_text_color=&#8221;#0D0901&#8243; body_ul_position=&#8221;inside&#8221; body_link_font=&#8221;||||on||||&#8221; body_link_text_color=&#8221;#0D0901&#8243; body_ul_text_color=&#8221;#0D0901&#8243; body_ul_line_height=&#8221;1.5em&#8221; background_color=&#8221;#fff4e2&#8243; max_width=&#8221;300px&#8221; border_width_all=&#8221;0px&#8221; border_color_all=&#8221;RGBA(0,0,0,0)&#8221; global_colors_info=&#8221;{}&#8221;]<\/p>\n<ul>\n<li><a href=\"#intro\">Introduction<\/a><\/li>\n<li><a href=\"#investigation\">What is being investigated<\/a><\/li>\n<li><a href=\"#phaseone\">Phase One<\/a><\/li>\n<li><a href=\"#phasetwo\">Phase Two<\/a>\n<ul>\n<li><a href=\"#openingstatements\"><em>Opening Statements<\/em><\/a><\/li>\n<li><a href=\"#thomasdoyle\"><em>Dr Thomas P Doyle<\/em><\/a><\/li>\n<li><a href=\"#peterhoride\"><em>Br Peter Horide<\/em><\/a><\/li>\n<li><a href=\"#virginianoonan\"><em>Virginia Noonan<\/em><\/a><\/li>\n<li><a href=\"#timothyduckworth\"><em>Fr Timothy Duckworth<\/em><\/a><\/li>\n<li><a href=\"#johndew\"><em>Cardinal John Dew<\/em><\/a><\/li>\n<li><a href=\"#closingstatements\"><em>Closing Statements<\/em><\/a><\/li>\n<\/ul>\n<\/li>\n<\/ul>\n<p>[\/et_pb_toggle][\/et_pb_column][\/et_pb_row][et_pb_row column_structure=&#8221;2_3,1_3&#8243; _builder_version=&#8221;4.9.4&#8243; _module_preset=&#8221;default&#8221; global_colors_info=&#8221;{}&#8221;][et_pb_column type=&#8221;2_3&#8243; _builder_version=&#8221;4.9.4&#8243; _module_preset=&#8221;default&#8221; global_colors_info=&#8221;{}&#8221;][et_pb_text module_id=&#8221;intro&#8221; _builder_version=&#8221;4.11.3&#8243; _module_preset=&#8221;default&#8221; header_line_height=&#8221;1em&#8221; global_colors_info=&#8221;{}&#8221;]<\/p>\n<h1>Faith-Based Redress Hearings<\/h1>\n<p>These hearings are part of the Royal Commission of Inquiry into Abuse in Care&#8217;s investigation into redress, and are split into two phases.<\/p>\n<p><strong>Phase One<\/strong> focuses on evidence from survivors of abuse in faith-based institutions about their experience of seeking redress.\u00a0In <strong>Phase Two<\/strong>, witnesses for faith-based institutions (including the Catholic Church, Anglican Church, and the Salvation Army) give evidence on their processes for resolving historic and current abuse claims.<\/p>\n<p><em>Much of the content on this page is drawn from the pages <a href=\"https:\/\/www.abuseincare.org.nz\/public-hearings\/redress-state-and-faith-based\/\" target=\"_blank\" rel=\"noopener\">&#8216;Redress &#8211; State and Faith-Based&#8217;<\/a> and <a href=\"https:\/\/www.abuseincare.org.nz\/public-hearings\/about\/faith-based-redress-hearing\/\" target=\"_blank\" rel=\"noopener\">&#8216;Faith-Based Redress Hearing&#8217;<\/a> on the Royal Commission&#8217;s website. Please visit their website for full information.<\/em><\/p>\n<p>[\/et_pb_text][et_pb_divider color=&#8221;#0D0901&#8243; divider_position=&#8221;center&#8221; _builder_version=&#8221;4.9.4&#8243; _module_preset=&#8221;default&#8221; custom_padding=&#8221;20px||20px||true|false&#8221; global_colors_info=&#8221;{}&#8221;][\/et_pb_divider][et_pb_text ul_item_indent=&#8221;30px&#8221; module_id=&#8221;investigation&#8221; _builder_version=&#8221;4.9.4&#8243; _module_preset=&#8221;default&#8221; ul_line_height=&#8221;1.5em&#8221; header_line_height=&#8221;1em&#8221; global_colors_info=&#8221;{}&#8221;]<\/p>\n<h2>What is being investigated<\/h2>\n<p>This investigation will examine the redress processes for people who suffered abuse and neglect as children, young persons or vulnerable adults while in the care of the State and faith-based institutions.<\/p>\n<p>Redress is a broad term. It can include:<\/p>\n<ul>\n<li>Financial compensation<\/li>\n<li>Physical, emotional and psychological rehabilitation through medical and psychological treatment, counselling, and other health and social services<\/li>\n<li>Accountability of those responsible for the abuse including through civil claims and criminal prosecutions<\/li>\n<li>The prevention of further abuse<\/li>\n<li>Acknowledgment of and apology for abuse that occurred.<\/li>\n<\/ul>\n<p>[\/et_pb_text][et_pb_divider color=&#8221;#0D0901&#8243; divider_position=&#8221;center&#8221; _builder_version=&#8221;4.9.4&#8243; _module_preset=&#8221;default&#8221; custom_padding=&#8221;20px||20px||true|false&#8221; locked=&#8221;off&#8221; global_colors_info=&#8221;{}&#8221;][\/et_pb_divider][et_pb_text module_id=&#8221;phaseone&#8221; _builder_version=&#8221;4.9.4&#8243; _module_preset=&#8221;default&#8221; header_line_height=&#8221;1em&#8221; global_colors_info=&#8221;{}&#8221;]<\/p>\n<h2>Phase One<\/h2>\n<p><strong>30 November to 11 December 2020<\/strong><\/p>\n<p>The first phase of this hearing heard from survivors who shared their experiences of abuse and the redress processes of the Catholic Church, Anglican Church, and the Salvation Army.<\/p>\n<p>The witness statements and other information can be viewed on the <a href=\"https:\/\/www.abuseincare.org.nz\/public-hearings\/about\/faith-based-redress-hearing\/\" target=\"_blank\" rel=\"noopener\">Faith-based Redress page on the Commission\u2019s website<\/a>, under the heading &#8216;Faith-based redress hearing \u2013 Phase One&#8217; (about halfway down the page).<\/p>\n<p>[\/et_pb_text][et_pb_divider color=&#8221;#0D0901&#8243; divider_position=&#8221;center&#8221; _builder_version=&#8221;4.9.4&#8243; _module_preset=&#8221;default&#8221; custom_padding=&#8221;20px||20px||true|false&#8221; locked=&#8221;off&#8221; global_colors_info=&#8221;{}&#8221;][\/et_pb_divider][et_pb_text module_id=&#8221;phasetwo&#8221; _builder_version=&#8221;4.9.4&#8243; _module_preset=&#8221;default&#8221; header_line_height=&#8221;1em&#8221; global_colors_info=&#8221;{}&#8221;]<\/p>\n<h2>Phase Two<\/h2>\n<p><strong>15 March to 29 March 2021<\/strong><\/p>\n<p>In this second phase of the hearing, witnesses for Faith-based institutions give evidence on their processes for resolving historic and current abuse claims. The first week hears from representatives of the Salvation Army and Anglican Church; the second week mostly hears from witnesses regarding the Catholic Church; and the final day is an opportunity for closing statements.<\/p>\n<p>You can view all the information on <a href=\"https:\/\/www.abuseincare.org.nz\/public-hearings\/about\/faith-based-redress-hearing\/\" target=\"_blank\" rel=\"noopener\">the Royal Commission&#8217;s website<\/a>, including transcripts of evidence when available.<\/p>\n<p>[\/et_pb_text][\/et_pb_column][et_pb_column type=&#8221;1_3&#8243; disabled_on=&#8221;on|on|off&#8221; _builder_version=&#8221;4.9.4&#8243; _module_preset=&#8221;default&#8221; global_colors_info=&#8221;{}&#8221;][et_pb_text ul_position=&#8221;inside&#8221; _builder_version=&#8221;4.9.4&#8243; _module_preset=&#8221;default&#8221; text_text_color=&#8221;#0D0901&#8243; link_text_color=&#8221;#0D0901&#8243; ul_line_height=&#8221;1.5em&#8221; header_line_height=&#8221;1em&#8221; background_color=&#8221;#fff4e2&#8243; custom_padding=&#8221;15px|15px|15px|15px|true|true&#8221; sticky_position=&#8221;top&#8221; sticky_offset_top=&#8221;25px&#8221; sticky_limit_bottom=&#8221;section&#8221; border_radii=&#8221;on|10px|10px|10px|10px&#8221; global_colors_info=&#8221;{}&#8221;]<\/p>\n<p><strong>Jump to section:<\/strong><\/p>\n<ul>\n<li><a href=\"#intro\">Introduction<\/a><\/li>\n<li><a href=\"#investigation\">What is being investigated<\/a><\/li>\n<li><a href=\"#phaseone\">Phase One<\/a><\/li>\n<li><a href=\"#phasetwo\">Phase Two<\/a>\n<ul>\n<li><a href=\"#openingstatements\"><em>Opening Statements<\/em><\/a><\/li>\n<li><a href=\"#thomasdoyle\"><em>Dr Thomas P Doyle<\/em><\/a><\/li>\n<li><a href=\"#peterhoride\"><em>Br Peter Horide<\/em><\/a><\/li>\n<li><a href=\"#virginianoonan\"><em>Virginia Noonan<\/em><\/a><\/li>\n<li><a href=\"#timothyduckworth\"><em>Fr Timothy Duckworth<\/em><\/a><\/li>\n<li><a href=\"#johndew\"><em>Cardinal John Dew<\/em><\/a><\/li>\n<li><a href=\"#closingstatements\"><em>Closing Statements<\/em><\/a><\/li>\n<\/ul>\n<\/li>\n<\/ul>\n<p>[\/et_pb_text][\/et_pb_column][\/et_pb_row][et_pb_row column_structure=&#8221;2_3,1_3&#8243; _builder_version=&#8221;4.9.4&#8243; _module_preset=&#8221;default&#8221; custom_padding=&#8221;0px||||false|false&#8221; global_colors_info=&#8221;{}&#8221;][et_pb_column type=&#8221;2_3&#8243; _builder_version=&#8221;4.9.4&#8243; _module_preset=&#8221;default&#8221; custom_padding=&#8221;|||25px|false|false&#8221; border_width_left=&#8221;5px&#8221; border_color_left=&#8221;#fff4e2&#8243; global_colors_info=&#8221;{}&#8221;][et_pb_text module_id=&#8221;openingstatements&#8221; _builder_version=&#8221;4.9.4&#8243; _module_preset=&#8221;default&#8221; header_line_height=&#8221;1em&#8221; custom_margin=&#8221;||50px||false|false&#8221; custom_padding=&#8221;||||false|false&#8221; custom_padding_tablet=&#8221;|||15%|false|false&#8221; custom_padding_phone=&#8221;|||15%|false|false&#8221; custom_padding_last_edited=&#8221;off|desktop&#8221; global_colors_info=&#8221;{}&#8221;]<\/p>\n<h4>Opening Statements<\/h4>\n<p>The Catholic Church and other relevant core participants made opening statements at the beginning of the Hearing.\u00a0<a href=\"https:\/\/www.abuseincare.org.nz\/library\/v\/218\/opening-statement-of-the-catholic-church-and-any-relevant-core-participants-for-the-faith-based-redress-hearing\" target=\"_blank\" rel=\"noopener\" title=\"Opening Statements\">View on the Royal Commission&#8217;s website.<\/a><\/p>\n<p>[\/et_pb_text][et_pb_text module_id=&#8221;thomasdoyle&#8221; _builder_version=&#8221;4.9.4&#8243; _module_preset=&#8221;default&#8221; header_line_height=&#8221;1em&#8221; custom_margin=&#8221;50px||50px||true|false&#8221; custom_padding=&#8221;||||false|false&#8221; global_colors_info=&#8221;{}&#8221;]<\/p>\n<h4>Dr Thomas P Doyle<\/h4>\n<p>Dr Thomas is an American canon lawyer and addiction therapist. He has worked with clergy abuse survivors and publicly raised the issue of abuse in the Catholic Church since the 1980s. His work has seen him author books on the topic and appear as an expert witness at the recent Australian Royal Commission into Institutional Responses to Child Sexual Abuse.<\/p>\n<p><a href=\"https:\/\/www.abuseincare.org.nz\/library\/v\/219\/statement-of-reverend-dr-thomas-p-doyle-for-the-faith-based-redress-hearing\" target=\"_blank\" rel=\"noopener\">Dr Thomas&#8217; statement &gt;<\/a><\/p>\n<p>[\/et_pb_text][et_pb_text module_id=&#8221;peterhoride&#8221; _builder_version=&#8221;4.9.4&#8243; _module_preset=&#8221;default&#8221; header_line_height=&#8221;1em&#8221; custom_margin=&#8221;50px||50px||true|false&#8221; custom_padding=&#8221;||||false|false&#8221; global_colors_info=&#8221;{}&#8221;]<\/p>\n<h4>Br Peter Horide<\/h4>\n<p>Br Peter is a member of the Marist Brothers. He is their current Professional Standards Delegate, making him involved in responding to complaints and engaging in redress processes.<\/p>\n<p><a href=\"https:\/\/www.abuseincare.org.nz\/library\/v\/220\/statement-of-br-peter-horide-for-the-faith-based-redress-hearing\" target=\"_blank\" rel=\"noopener\">Br Peter&#8217;s statement &gt;<\/a><\/p>\n<p>[\/et_pb_text][et_pb_text module_id=&#8221;virginianoonan&#8221; _builder_version=&#8221;4.9.4&#8243; _module_preset=&#8221;default&#8221; header_line_height=&#8221;1em&#8221; custom_margin=&#8221;50px||50px||true|false&#8221; custom_padding=&#8221;||||false|false&#8221; global_colors_info=&#8221;{}&#8221;]<\/p>\n<h4>Virginia Noonan<\/h4>\n<p>Virginia is the Director of the National Office for Professional Standards (NOPS). NOPS responds to complaints of abuse involving clergy and members of religious congregations, and oversees the Church\u2019s safeguarding policies and practices.<span>\u00a0<\/span><a href=\"https:\/\/safeguarding.catholic.org.nz\/safeguarding\/\" target=\"_blank\" rel=\"noopener\">Learn more about NOPS on their website.<\/a><\/p>\n<p><a href=\"https:\/\/www.abuseincare.org.nz\/library\/v\/221\/statement-of-virginia-noonan-for-the-faith-based-redress-hearing\" target=\"_blank\" rel=\"noopener\">Virginia&#8217;s statement &gt;<\/a><\/p>\n<p>[\/et_pb_text][et_pb_text module_id=&#8221;timothyduckworth&#8221; _builder_version=&#8221;4.9.4&#8243; _module_preset=&#8221;default&#8221; header_line_height=&#8221;1em&#8221; custom_margin=&#8221;50px||50px||true|false&#8221; custom_padding=&#8221;||||false|false&#8221; global_colors_info=&#8221;{}&#8221;]<\/p>\n<h4>Fr Timothy Duckworth<\/h4>\n<p>Fr Timothy is the current Provincial of the New Zealand province of the Society of Mary (SM, also known as Marists).<\/p>\n<p><a href=\"https:\/\/www.abuseincare.org.nz\/library\/v\/222\/statement-of-fr-timothy-duckworth-for-the-faith-based-redress-hearing\" target=\"_blank\" rel=\"noopener\">Fr Timothy&#8217;s statement &gt;<\/a><\/p>\n<p>[\/et_pb_text][et_pb_text module_id=&#8221;johndew&#8221; _builder_version=&#8221;4.9.4&#8243; _module_preset=&#8221;default&#8221; header_line_height=&#8221;1em&#8221; custom_margin=&#8221;50px||50px||true|false&#8221; custom_padding=&#8221;||||false|false&#8221; global_colors_info=&#8221;{}&#8221;]<\/p>\n<h4>Cardinal John Dew<\/h4>\n<p>Cardinal John is the Archbishop of Wellington, the<span>\u00a0<\/span><a href=\"https:\/\/en.wikipedia.org\/wiki\/Metropolitan_bishop#Latin_Church\" target=\"_blank\" rel=\"noopener\">Metropolitan<\/a><span>\u00a0<\/span>of New Zealand, and the president of the New Zealand Catholic Bishops\u2019 Conference. Cardinal John also gave an apology on behalf of the bishops and congregational leaders of the Catholic Church in Aotearoa New Zealand.<\/p>\n<p><a href=\"https:\/\/tautoko.catholic.org.nz\/wp-content\/uploads\/2021\/03\/Apology-to-Victims-and-Survivors-of-Abuse.pdf\" target=\"_blank\" rel=\"noopener\">Read the apology &gt;<\/a><br \/><a href=\"https:\/\/www.abuseincare.org.nz\/library\/v\/223\/statement-of-cardinal-john-dew-for-faith-based-redress-hearing\" target=\"_blank\" rel=\"noopener\">Cardinal John&#8217;s full statement &gt;<\/a><\/p>\n<p>[\/et_pb_text][et_pb_text module_id=&#8221;closingstatements&#8221; _builder_version=&#8221;4.9.4&#8243; _module_preset=&#8221;default&#8221; header_line_height=&#8221;1em&#8221; custom_margin=&#8221;50px||||false|false&#8221; custom_padding=&#8221;||||false|false&#8221; global_colors_info=&#8221;{}&#8221;]<\/p>\n<h4>Closing Statements<\/h4>\n<p>The Catholic Church and other relevant core participants made closing statements at the end of the Hearing.<\/p>\n<p><a href=\"https:\/\/tautoko.catholic.org.nz\/phase-2-closing-statement-faith-based-redress-hearing\/\" target=\"_blank\" rel=\"noopener\">Catholic closing statements and summary &gt;<\/a><br \/><a href=\"https:\/\/www.abuseincare.org.nz\/library\/v\/224\/closing-addresses-all-core-participants-at-faith-based-redress-hearing-phase-2\" target=\"_blank\" rel=\"noopener\">All closing statements &gt;<\/a><\/p>\n<p>[\/et_pb_text][\/et_pb_column][et_pb_column type=&#8221;1_3&#8243; disabled_on=&#8221;on|on|on&#8221; _builder_version=&#8221;4.9.4&#8243; _module_preset=&#8221;default&#8221; disabled=&#8221;on&#8221; global_colors_info=&#8221;{}&#8221;][\/et_pb_column][\/et_pb_row][\/et_pb_section]<\/p>\n","protected":false},"excerpt":{"rendered":"<p>Introduction What is being investigated Phase One Phase Two Opening Statements Dr Thomas P Doyle Br Peter Horide Virginia Noonan Fr Timothy Duckworth Cardinal John Dew Closing Statements Faith-Based Redress Hearings These hearings are part of the Royal Commission of Inquiry into Abuse in Care&#8217;s investigation into redress, and are split into two phases. Phase [&hellip;]<\/p>\n","protected":false},"author":2,"featured_media":0,"parent":0,"menu_order":0,"comment_status":"closed","ping_status":"closed","template":"","meta":{"_acf_changed":false,"_et_pb_use_builder":"on","_et_pb_old_content":"","_et_gb_content_width":"","_monsterinsights_skip_tracking":false,"_monsterinsights_sitenote_active":false,"_monsterinsights_sitenote_note":"","_monsterinsights_sitenote_category":0,"footnotes":""},"class_list":["post-1044","page","type-page","status-publish","hentry"],"acf":[],"yoast_head":"<!-- This site is optimized with the Yoast SEO plugin v27.4 - https:\/\/yoast.com\/product\/yoast-seo-wordpress\/ -->\n<title>Faith-Based Redress Hearings - Te R\u014dp\u016b Tautoko<\/title>\n<meta name=\"description\" content=\"The Royal Commission is hearing from survivors on their experience of redress in the Catholic Church and other faith institutions.\" \/>\n<meta name=\"robots\" content=\"index, follow, max-snippet:-1, max-image-preview:large, max-video-preview:-1\" \/>\n<link rel=\"canonical\" href=\"https:\/\/tautoko.catholic.org.nz\/mi\/redress\/\" \/>\n<meta property=\"og:locale\" content=\"mi_NZ\" \/>\n<meta property=\"og:type\" content=\"article\" \/>\n<meta property=\"og:title\" content=\"Faith-Based Redress Hearings - Te R\u014dp\u016b Tautoko\" \/>\n<meta property=\"og:description\" content=\"The Royal Commission is hearing from survivors on their experience of redress in the Catholic Church and other faith institutions.\" \/>\n<meta property=\"og:url\" content=\"https:\/\/tautoko.catholic.org.nz\/mi\/redress\/\" \/>\n<meta property=\"og:site_name\" content=\"Te R\u014dp\u016b Tautoko\" \/>\n<meta property=\"article:modified_time\" content=\"2021-11-03T03:05:54+00:00\" \/>\n<meta name=\"twitter:card\" content=\"summary_large_image\" \/>\n<meta name=\"twitter:label1\" content=\"Est. reading time\" \/>\n\t<meta name=\"twitter:data1\" content=\"11 minutes\" \/>\n<script type=\"application\/ld+json\" class=\"yoast-schema-graph\">{\"@context\":\"https:\\\/\\\/schema.org\",\"@graph\":[{\"@type\":\"WebPage\",\"@id\":\"https:\\\/\\\/tautoko.catholic.org.nz\\\/mi\\\/redress\\\/\",\"url\":\"https:\\\/\\\/tautoko.catholic.org.nz\\\/mi\\\/redress\\\/\",\"name\":\"Faith-Based Redress Hearings - Te R\u014dp\u016b Tautoko\",\"isPartOf\":{\"@id\":\"https:\\\/\\\/tautoko.catholic.org.nz\\\/#website\"},\"datePublished\":\"2021-03-15T19:56:59+00:00\",\"dateModified\":\"2021-11-03T03:05:54+00:00\",\"description\":\"The Royal Commission is hearing from survivors on their experience of redress in the Catholic Church and other faith institutions.\",\"breadcrumb\":{\"@id\":\"https:\\\/\\\/tautoko.catholic.org.nz\\\/mi\\\/redress\\\/#breadcrumb\"},\"inLanguage\":\"mi-NZ\",\"potentialAction\":[{\"@type\":\"ReadAction\",\"target\":[\"https:\\\/\\\/tautoko.catholic.org.nz\\\/mi\\\/redress\\\/\"]}]},{\"@type\":\"BreadcrumbList\",\"@id\":\"https:\\\/\\\/tautoko.catholic.org.nz\\\/mi\\\/redress\\\/#breadcrumb\",\"itemListElement\":[{\"@type\":\"ListItem\",\"position\":1,\"name\":\"Home\",\"item\":\"https:\\\/\\\/tautoko.catholic.org.nz\\\/\"},{\"@type\":\"ListItem\",\"position\":2,\"name\":\"Faith-Based Redress Hearings\"}]},{\"@type\":\"WebSite\",\"@id\":\"https:\\\/\\\/tautoko.catholic.org.nz\\\/#website\",\"url\":\"https:\\\/\\\/tautoko.catholic.org.nz\\\/\",\"name\":\"Te R\u014dp\u016b Tautoko\",\"description\":\"The group coordinating Catholic engagement with the Royal Commission\",\"publisher\":{\"@id\":\"https:\\\/\\\/tautoko.catholic.org.nz\\\/#organization\"},\"potentialAction\":[{\"@type\":\"SearchAction\",\"target\":{\"@type\":\"EntryPoint\",\"urlTemplate\":\"https:\\\/\\\/tautoko.catholic.org.nz\\\/?s={search_term_string}\"},\"query-input\":{\"@type\":\"PropertyValueSpecification\",\"valueRequired\":true,\"valueName\":\"search_term_string\"}}],\"inLanguage\":\"mi-NZ\"},{\"@type\":\"Organization\",\"@id\":\"https:\\\/\\\/tautoko.catholic.org.nz\\\/#organization\",\"name\":\"Te R\u014dp\u016b Tautoko\",\"url\":\"https:\\\/\\\/tautoko.catholic.org.nz\\\/\",\"logo\":{\"@type\":\"ImageObject\",\"inLanguage\":\"mi-NZ\",\"@id\":\"https:\\\/\\\/tautoko.catholic.org.nz\\\/#\\\/schema\\\/logo\\\/image\\\/\",\"url\":\"https:\\/\\/tautoko.catholic.org.nz\\/wp-content\\/uploads\\/2019\\/07\\/Tautoko-title-400w.png\",\"contentUrl\":\"https:\\/\\/tautoko.catholic.org.nz\\/wp-content\\/uploads\\/2019\\/07\\/Tautoko-title-400w.png\",\"width\":400,\"height\":93,\"caption\":\"Te R\u014dp\u016b Tautoko\"},\"image\":{\"@id\":\"https:\\\/\\\/tautoko.catholic.org.nz\\\/#\\\/schema\\\/logo\\\/image\\\/\"}}]}<\/script>\n<!-- \/ Yoast SEO plugin. -->","yoast_head_json":{"title":"Faith-Based Redress Hearings - Te R\u014dp\u016b Tautoko","description":"The Royal Commission is hearing from survivors on their experience of redress in the Catholic Church and other faith institutions.","robots":{"index":"index","follow":"follow","max-snippet":"max-snippet:-1","max-image-preview":"max-image-preview:large","max-video-preview":"max-video-preview:-1"},"canonical":"https:\/\/tautoko.catholic.org.nz\/mi\/redress\/","og_locale":"mi_NZ","og_type":"article","og_title":"Faith-Based Redress Hearings - Te R\u014dp\u016b Tautoko","og_description":"The Royal Commission is hearing from survivors on their experience of redress in the Catholic Church and other faith institutions.","og_url":"https:\/\/tautoko.catholic.org.nz\/mi\/redress\/","og_site_name":"Te R\u014dp\u016b Tautoko","article_modified_time":"2021-11-03T03:05:54+00:00","twitter_card":"summary_large_image","twitter_misc":{"Est. reading time":"11 minutes"},"schema":{"@context":"https:\/\/schema.org","@graph":[{"@type":"WebPage","@id":"https:\/\/tautoko.catholic.org.nz\/mi\/redress\/","url":"https:\/\/tautoko.catholic.org.nz\/mi\/redress\/","name":"Faith-Based Redress Hearings - Te R\u014dp\u016b Tautoko","isPartOf":{"@id":"https:\/\/tautoko.catholic.org.nz\/#website"},"datePublished":"2021-03-15T19:56:59+00:00","dateModified":"2021-11-03T03:05:54+00:00","description":"The Royal Commission is hearing from survivors on their experience of redress in the Catholic Church and other faith institutions.","breadcrumb":{"@id":"https:\/\/tautoko.catholic.org.nz\/mi\/redress\/#breadcrumb"},"inLanguage":"mi-NZ","potentialAction":[{"@type":"ReadAction","target":["https:\/\/tautoko.catholic.org.nz\/mi\/redress\/"]}]},{"@type":"BreadcrumbList","@id":"https:\/\/tautoko.catholic.org.nz\/mi\/redress\/#breadcrumb","itemListElement":[{"@type":"ListItem","position":1,"name":"Home","item":"https:\/\/tautoko.catholic.org.nz\/"},{"@type":"ListItem","position":2,"name":"Faith-Based Redress Hearings"}]},{"@type":"WebSite","@id":"https:\/\/tautoko.catholic.org.nz\/#website","url":"https:\/\/tautoko.catholic.org.nz\/","name":"Te R\u014dp\u016b Tautoko","description":"Te r\u014dp\u016b e whakarite ana i ng\u0101 whakawhitinga o te H\u0101hi Katorika ki te K\u014dmihana Karauna","publisher":{"@id":"https:\/\/tautoko.catholic.org.nz\/#organization"},"potentialAction":[{"@type":"SearchAction","target":{"@type":"EntryPoint","urlTemplate":"https:\/\/tautoko.catholic.org.nz\/?s={search_term_string}"},"query-input":{"@type":"PropertyValueSpecification","valueRequired":true,"valueName":"search_term_string"}}],"inLanguage":"mi-NZ"},{"@type":"Organization","@id":"https:\/\/tautoko.catholic.org.nz\/#organization","name":"Te R\u014dp\u016b Tautoko","url":"https:\/\/tautoko.catholic.org.nz\/","logo":{"@type":"ImageObject","inLanguage":"mi-NZ","@id":"https:\/\/tautoko.catholic.org.nz\/#\/schema\/logo\/image\/","url":"https:\/\/mldnew8xbykf.i.optimole.com\/w:auto\/h:auto\/q:mauto\/f:best\/https:\/\/tautoko.catholic.org.nz\/wp-content\/uploads\/2019\/07\/Tautoko-title-400w.png","contentUrl":"https:\/\/mldnew8xbykf.i.optimole.com\/w:auto\/h:auto\/q:mauto\/f:best\/https:\/\/tautoko.catholic.org.nz\/wp-content\/uploads\/2019\/07\/Tautoko-title-400w.png","width":400,"height":93,"caption":"Te R\u014dp\u016b Tautoko"},"image":{"@id":"https:\/\/tautoko.catholic.org.nz\/#\/schema\/logo\/image\/"}}]}},"_links":{"self":[{"href":"https:\/\/tautoko.catholic.org.nz\/mi\/wp-json\/wp\/v2\/pages\/1044","targetHints":{"allow":["GET"]}}],"collection":[{"href":"https:\/\/tautoko.catholic.org.nz\/mi\/wp-json\/wp\/v2\/pages"}],"about":[{"href":"https:\/\/tautoko.catholic.org.nz\/mi\/wp-json\/wp\/v2\/types\/page"}],"author":[{"embeddable":true,"href":"https:\/\/tautoko.catholic.org.nz\/mi\/wp-json\/wp\/v2\/users\/2"}],"replies":[{"embeddable":true,"href":"https:\/\/tautoko.catholic.org.nz\/mi\/wp-json\/wp\/v2\/comments?post=1044"}],"version-history":[{"count":47,"href":"https:\/\/tautoko.catholic.org.nz\/mi\/wp-json\/wp\/v2\/pages\/1044\/revisions"}],"predecessor-version":[{"id":25823,"href":"https:\/\/tautoko.catholic.org.nz\/mi\/wp-json\/wp\/v2\/pages\/1044\/revisions\/25823"}],"wp:attachment":[{"href":"https:\/\/tautoko.catholic.org.nz\/mi\/wp-json\/wp\/v2\/media?parent=1044"}],"curies":[{"name":"wp","href":"https:\/\/api.w.org\/{rel}","templated":true}]}}